{"id":867,"date":"2025-01-16T20:08:59","date_gmt":"2025-01-16T20:08:59","guid":{"rendered":"https:\/\/eminonu.yeniproje.dev\/?page_id=867"},"modified":"2025-02-04T17:26:28","modified_gmt":"2025-02-04T17:26:28","slug":"nostalji-kosesi","status":"publish","type":"page","link":"https:\/\/eminonubalikekmek.com\/en\/nostalji-kosesi\/","title":{"rendered":"Nostalgia Corner"},"content":{"rendered":"<div data-elementor-type=\"wp-page\" data-elementor-id=\"867\" class=\"elementor elementor-867\" data-elementor-post-type=\"page\">\n\t\t\t\t<div class=\"elementor-element elementor-element-7a72c05 e-flex e-con-boxed e-con e-parent\" data-id=\"7a72c05\" data-element_type=\"container\" data-settings=\"{&quot;background_background&quot;:&quot;gradient&quot;}\">\n\t\t\t\t\t<div class=\"e-con-inner\">\n\t\t\t\t<div class=\"elementor-element elementor-element-1133f7f elementor-widget elementor-widget-heading\" data-id=\"1133f7f\" data-element_type=\"widget\" data-widget_type=\"heading.default\">\n\t\t\t\t<div class=\"elementor-widget-container\">\n\t\t\t\t\t<h2 class=\"elementor-heading-title elementor-size-default\">Corner Of The Moment<\/h2>\t\t\t\t<\/div>\n\t\t\t\t<\/div>\n\t\t\t\t<div class=\"elementor-element elementor-element-1e540bc elementor-widget__width-initial elementor-widget elementor-widget-text-editor\" data-id=\"1e540bc\" data-element_type=\"widget\" data-widget_type=\"text-editor.default\">\n\t\t\t\t<div class=\"elementor-widget-container\">\n\t\t\t\t\t\t\t\t\tKalyat-I have lived in this corner of Barbaros guests unique experiences and memories that we&#039;ve been saving! In this area of our guests if you wish, or you can read the precious memories you can share your own memories by clicking the button below.\t\t\t\t\t\t\t\t<\/div>\n\t\t\t\t<\/div>\n\t\t\t\t<div class=\"elementor-element elementor-element-4e56476 elementor-widget elementor-widget-button\" data-id=\"4e56476\" data-element_type=\"widget\" data-widget_type=\"button.default\">\n\t\t\t\t<div class=\"elementor-widget-container\">\n\t\t\t\t\t\t\t\t\t<div class=\"elementor-button-wrapper\">\n\t\t\t\t\t<a class=\"elementor-button elementor-button-link elementor-size-sm\" href=\"#elementor-action%3Aaction%3Dpopup%3Aopen%26settings%3DeyJpZCI6Ijg3MCIsInRvZ2dsZSI6dHJ1ZX0%3D\">\n\t\t\t\t\t\t<span class=\"elementor-button-content-wrapper\">\n\t\t\t\t\t\t<span class=\"elementor-button-icon\">\n\t\t\t\t<svg aria-hidden=\"true\" class=\"e-font-icon-svg e-fas-envelope\" viewbox=\"0 0 512 512\" xmlns=\"http:\/\/www.w3.org\/2000\/svg\"><path d=\"M502.3 190.8c3.9-3.1 9.7-.2 9.7 4.7V400c0 26.5-21.5 48-48 48H48c-26.5 0-48-21.5-48-48V195.6c0-5 5.7-7.8 9.7-4.7 22.4 17.4 52.1 39.5 154.1 113.6 21.1 15.4 56.7 47.8 92.2 47.6 35.7.3 72-32.8 92.3-47.6 102-74.1 131.6-96.3 154-113.7zM256 320c23.2.4 56.6-29.2 73.4-41.4 132.7-96.3 142.8-104.7 173.4-128.7 5.8-4.5 9.2-11.5 9.2-18.9v-19c0-26.5-21.5-48-48-48H48C21.5 64 0 85.5 0 112v19c0 7.4 3.4 14.3 9.2 18.9 30.6 23.9 40.7 32.4 173.4 128.7 16.8 12.2 50.2 41.8 73.4 41.4z\"><\/path><\/svg>\t\t\t<\/span>\n\t\t\t\t\t\t\t\t\t<span class=\"elementor-button-text\">Share With Us Your Memories<\/span>\n\t\t\t\t\t<\/span>\n\t\t\t\t\t<\/a>\n\t\t\t\t<\/div>\n\t\t\t\t\t\t\t\t<\/div>\n\t\t\t\t<\/div>\n\t\t\t\t\t<\/div>\n\t\t\t\t<\/div>\n\t\t<div class=\"elementor-element elementor-element-e199e0e e-flex e-con-boxed e-con e-parent\" data-id=\"e199e0e\" data-element_type=\"container\">\n\t\t\t\t\t<div class=\"e-con-inner\">\n\t\t\t\t<div class=\"elementor-element elementor-element-0058129 elementor-widget elementor-widget-gallery\" data-id=\"0058129\" data-element_type=\"widget\" data-settings=\"{&quot;gallery_layout&quot;:&quot;masonry&quot;,&quot;columns_mobile&quot;:2,&quot;columns_tablet&quot;:3,&quot;columns&quot;:4,&quot;gap&quot;:{&quot;unit&quot;:&quot;px&quot;,&quot;size&quot;:10,&quot;sizes&quot;:[]},&quot;gap_tablet&quot;:{&quot;unit&quot;:&quot;px&quot;,&quot;size&quot;:10,&quot;sizes&quot;:[]},&quot;gap_mobile&quot;:{&quot;unit&quot;:&quot;px&quot;,&quot;size&quot;:10,&quot;sizes&quot;:[]},&quot;link_to&quot;:&quot;file&quot;,&quot;overlay_background&quot;:&quot;yes&quot;,&quot;content_hover_animation&quot;:&quot;fade-in&quot;}\" data-widget_type=\"gallery.default\">\n\t\t\t\t<div class=\"elementor-widget-container\">\n\t\t\t\t\t\t\t<div class=\"elementor-gallery__container\">\n\t\t\t\t\t\t\t<a class=\"e-gallery-item elementor-gallery-item elementor-animated-content\" href=\"https:\/\/eminonubalikekmek.com\/wp-content\/uploads\/tarihi-eminonu-balikcisi-ani-kosesi-5.jpg\" data-elementor-open-lightbox=\"yes\" data-elementor-lightbox-slideshow=\"0058129\" data-e-action-hash=\"#elementor-action%3Aaction%3Dlightbox%26settings%3DeyJpZCI6ODc3LCJ1cmwiOiJodHRwczpcL1wvZW1pbm9udWJhbGlrZWttZWsuY29tXC93cC1jb250ZW50XC91cGxvYWRzXC90YXJpaGktZW1pbm9udS1iYWxpa2Npc2ktYW5pLWtvc2VzaS01LmpwZyIsInNsaWRlc2hvdyI6IjAwNTgxMjkifQ%3D%3D\">\n\t\t\t\t\t<div class=\"e-gallery-image elementor-gallery-item__image\" data-thumbnail=\"https:\/\/eminonubalikekmek.com\/wp-content\/uploads\/tarihi-eminonu-balikcisi-ani-kosesi-5.jpg\" data-width=\"768\" data-height=\"1057\" aria-label=\"\" role=\"img\" ><\/div>\n\t\t\t\t\t\t\t\t\t\t\t<div class=\"elementor-gallery-item__overlay\"><\/div>\n\t\t\t\t\t\t\t\t\t\t\t\t\t\t<\/a>\n\t\t\t\t\t\t\t<a class=\"e-gallery-item elementor-gallery-item elementor-animated-content\" href=\"https:\/\/eminonubalikekmek.com\/wp-content\/uploads\/tarihi-eminonu-balikcisi-ani-kosesi-6.jpg\" data-elementor-open-lightbox=\"yes\" data-elementor-lightbox-slideshow=\"0058129\" data-e-action-hash=\"#elementor-action%3Aaction%3Dlightbox%26settings%3DeyJpZCI6ODc4LCJ1cmwiOiJodHRwczpcL1wvZW1pbm9udWJhbGlrZWttZWsuY29tXC93cC1jb250ZW50XC91cGxvYWRzXC90YXJpaGktZW1pbm9udS1iYWxpa2Npc2ktYW5pLWtvc2VzaS02LmpwZyIsInNsaWRlc2hvdyI6IjAwNTgxMjkifQ%3D%3D\">\n\t\t\t\t\t<div class=\"e-gallery-image elementor-gallery-item__image\" data-thumbnail=\"https:\/\/eminonubalikekmek.com\/wp-content\/uploads\/tarihi-eminonu-balikcisi-ani-kosesi-6.jpg\" data-width=\"768\" data-height=\"1057\" aria-label=\"\" role=\"img\" ><\/div>\n\t\t\t\t\t\t\t\t\t\t\t<div class=\"elementor-gallery-item__overlay\"><\/div>\n\t\t\t\t\t\t\t\t\t\t\t\t\t\t<\/a>\n\t\t\t\t\t\t\t<a class=\"e-gallery-item elementor-gallery-item elementor-animated-content\" href=\"https:\/\/eminonubalikekmek.com\/wp-content\/uploads\/tarihi-eminonu-balikcisi-ani-kosesi-7.jpg\" data-elementor-open-lightbox=\"yes\" data-elementor-lightbox-slideshow=\"0058129\" data-e-action-hash=\"#elementor-action%3Aaction%3Dlightbox%26settings%3DeyJpZCI6ODc5LCJ1cmwiOiJodHRwczpcL1wvZW1pbm9udWJhbGlrZWttZWsuY29tXC93cC1jb250ZW50XC91cGxvYWRzXC90YXJpaGktZW1pbm9udS1iYWxpa2Npc2ktYW5pLWtvc2VzaS03LmpwZyIsInNsaWRlc2hvdyI6IjAwNTgxMjkifQ%3D%3D\">\n\t\t\t\t\t<div class=\"e-gallery-image elementor-gallery-item__image\" data-thumbnail=\"https:\/\/eminonubalikekmek.com\/wp-content\/uploads\/tarihi-eminonu-balikcisi-ani-kosesi-7.jpg\" data-width=\"768\" data-height=\"1089\" aria-label=\"\" role=\"img\" ><\/div>\n\t\t\t\t\t\t\t\t\t\t\t<div class=\"elementor-gallery-item__overlay\"><\/div>\n\t\t\t\t\t\t\t\t\t\t\t\t\t\t<\/a>\n\t\t\t\t\t\t\t<a class=\"e-gallery-item elementor-gallery-item elementor-animated-content\" href=\"https:\/\/eminonubalikekmek.com\/wp-content\/uploads\/tarihi-eminonu-balikcisi-ani-kosesi-17.jpg\" data-elementor-open-lightbox=\"yes\" data-elementor-lightbox-slideshow=\"0058129\" data-e-action-hash=\"#elementor-action%3Aaction%3Dlightbox%26settings%3DeyJpZCI6ODgwLCJ1cmwiOiJodHRwczpcL1wvZW1pbm9udWJhbGlrZWttZWsuY29tXC93cC1jb250ZW50XC91cGxvYWRzXC90YXJpaGktZW1pbm9udS1iYWxpa2Npc2ktYW5pLWtvc2VzaS0xNy5qcGciLCJzbGlkZXNob3ciOiIwMDU4MTI5In0%3D\">\n\t\t\t\t\t<div class=\"e-gallery-image elementor-gallery-item__image\" data-thumbnail=\"https:\/\/eminonubalikekmek.com\/wp-content\/uploads\/tarihi-eminonu-balikcisi-ani-kosesi-17.jpg\" data-width=\"768\" data-height=\"1055\" aria-label=\"\" role=\"img\" ><\/div>\n\t\t\t\t\t\t\t\t\t\t\t<div class=\"elementor-gallery-item__overlay\"><\/div>\n\t\t\t\t\t\t\t\t\t\t\t\t\t\t<\/a>\n\t\t\t\t\t\t\t<a class=\"e-gallery-item elementor-gallery-item elementor-animated-content\" href=\"https:\/\/eminonubalikekmek.com\/wp-content\/uploads\/tarihi-eminonu-balikcisi-ani-kosesi-18.jpg\" data-elementor-open-lightbox=\"yes\" data-elementor-lightbox-slideshow=\"0058129\" data-e-action-hash=\"#elementor-action%3Aaction%3Dlightbox%26settings%3DeyJpZCI6ODgxLCJ1cmwiOiJodHRwczpcL1wvZW1pbm9udWJhbGlrZWttZWsuY29tXC93cC1jb250ZW50XC91cGxvYWRzXC90YXJpaGktZW1pbm9udS1iYWxpa2Npc2ktYW5pLWtvc2VzaS0xOC5qcGciLCJzbGlkZXNob3ciOiIwMDU4MTI5In0%3D\">\n\t\t\t\t\t<div class=\"e-gallery-image elementor-gallery-item__image\" data-thumbnail=\"https:\/\/eminonubalikekmek.com\/wp-content\/uploads\/tarihi-eminonu-balikcisi-ani-kosesi-18.jpg\" data-width=\"768\" data-height=\"1057\" aria-label=\"\" role=\"img\" ><\/div>\n\t\t\t\t\t\t\t\t\t\t\t<div class=\"elementor-gallery-item__overlay\"><\/div>\n\t\t\t\t\t\t\t\t\t\t\t\t\t\t<\/a>\n\t\t\t\t\t\t\t<a class=\"e-gallery-item elementor-gallery-item elementor-animated-content\" href=\"https:\/\/eminonubalikekmek.com\/wp-content\/uploads\/tarihi-eminonu-balikcisi-ani-kosesi-19.jpg\" data-elementor-open-lightbox=\"yes\" data-elementor-lightbox-slideshow=\"0058129\" data-e-action-hash=\"#elementor-action%3Aaction%3Dlightbox%26settings%3DeyJpZCI6ODgyLCJ1cmwiOiJodHRwczpcL1wvZW1pbm9udWJhbGlrZWttZWsuY29tXC93cC1jb250ZW50XC91cGxvYWRzXC90YXJpaGktZW1pbm9udS1iYWxpa2Npc2ktYW5pLWtvc2VzaS0xOS5qcGciLCJzbGlkZXNob3ciOiIwMDU4MTI5In0%3D\">\n\t\t\t\t\t<div class=\"e-gallery-image elementor-gallery-item__image\" data-thumbnail=\"https:\/\/eminonubalikekmek.com\/wp-content\/uploads\/tarihi-eminonu-balikcisi-ani-kosesi-19.jpg\" data-width=\"768\" data-height=\"1057\" aria-label=\"\" role=\"img\" ><\/div>\n\t\t\t\t\t\t\t\t\t\t\t<div class=\"elementor-gallery-item__overlay\"><\/div>\n\t\t\t\t\t\t\t\t\t\t\t\t\t\t<\/a>\n\t\t\t\t\t\t\t<a class=\"e-gallery-item elementor-gallery-item elementor-animated-content\" href=\"https:\/\/eminonubalikekmek.com\/wp-content\/uploads\/tarihi-eminonu-balikcisi-ani-kosesi-20.jpg\" data-elementor-open-lightbox=\"yes\" data-elementor-lightbox-slideshow=\"0058129\" data-e-action-hash=\"#elementor-action%3Aaction%3Dlightbox%26settings%3DeyJpZCI6ODgzLCJ1cmwiOiJodHRwczpcL1wvZW1pbm9udWJhbGlrZWttZWsuY29tXC93cC1jb250ZW50XC91cGxvYWRzXC90YXJpaGktZW1pbm9udS1iYWxpa2Npc2ktYW5pLWtvc2VzaS0yMC5qcGciLCJzbGlkZXNob3ciOiIwMDU4MTI5In0%3D\">\n\t\t\t\t\t<div class=\"e-gallery-image elementor-gallery-item__image\" data-thumbnail=\"https:\/\/eminonubalikekmek.com\/wp-content\/uploads\/tarihi-eminonu-balikcisi-ani-kosesi-20.jpg\" data-width=\"768\" data-height=\"1055\" aria-label=\"\" role=\"img\" ><\/div>\n\t\t\t\t\t\t\t\t\t\t\t<div class=\"elementor-gallery-item__overlay\"><\/div>\n\t\t\t\t\t\t\t\t\t\t\t\t\t\t<\/a>\n\t\t\t\t\t\t\t<a class=\"e-gallery-item elementor-gallery-item elementor-animated-content\" href=\"https:\/\/eminonubalikekmek.com\/wp-content\/uploads\/tarihi-eminonu-balikcisi-ani-kosesi-21.jpg\" data-elementor-open-lightbox=\"yes\" data-elementor-lightbox-slideshow=\"0058129\" data-e-action-hash=\"#elementor-action%3Aaction%3Dlightbox%26settings%3DeyJpZCI6ODg0LCJ1cmwiOiJodHRwczpcL1wvZW1pbm9udWJhbGlrZWttZWsuY29tXC93cC1jb250ZW50XC91cGxvYWRzXC90YXJpaGktZW1pbm9udS1iYWxpa2Npc2ktYW5pLWtvc2VzaS0yMS5qcGciLCJzbGlkZXNob3ciOiIwMDU4MTI5In0%3D\">\n\t\t\t\t\t<div class=\"e-gallery-image elementor-gallery-item__image\" data-thumbnail=\"https:\/\/eminonubalikekmek.com\/wp-content\/uploads\/tarihi-eminonu-balikcisi-ani-kosesi-21.jpg\" data-width=\"768\" data-height=\"1055\" aria-label=\"\" role=\"img\" ><\/div>\n\t\t\t\t\t\t\t\t\t\t\t<div class=\"elementor-gallery-item__overlay\"><\/div>\n\t\t\t\t\t\t\t\t\t\t\t\t\t\t<\/a>\n\t\t\t\t\t\t\t<a class=\"e-gallery-item elementor-gallery-item elementor-animated-content\" href=\"https:\/\/eminonubalikekmek.com\/wp-content\/uploads\/tarihi-eminonu-balikcisi-ani-kosesi-8.jpg\" data-elementor-open-lightbox=\"yes\" data-elementor-lightbox-slideshow=\"0058129\" data-e-action-hash=\"#elementor-action%3Aaction%3Dlightbox%26settings%3DeyJpZCI6ODg1LCJ1cmwiOiJodHRwczpcL1wvZW1pbm9udWJhbGlrZWttZWsuY29tXC93cC1jb250ZW50XC91cGxvYWRzXC90YXJpaGktZW1pbm9udS1iYWxpa2Npc2ktYW5pLWtvc2VzaS04LmpwZyIsInNsaWRlc2hvdyI6IjAwNTgxMjkifQ%3D%3D\">\n\t\t\t\t\t<div class=\"e-gallery-image elementor-gallery-item__image\" data-thumbnail=\"https:\/\/eminonubalikekmek.com\/wp-content\/uploads\/tarihi-eminonu-balikcisi-ani-kosesi-8.jpg\" data-width=\"768\" data-height=\"1055\" aria-label=\"\" role=\"img\" ><\/div>\n\t\t\t\t\t\t\t\t\t\t\t<div class=\"elementor-gallery-item__overlay\"><\/div>\n\t\t\t\t\t\t\t\t\t\t\t\t\t\t<\/a>\n\t\t\t\t\t\t\t<a class=\"e-gallery-item elementor-gallery-item elementor-animated-content\" href=\"https:\/\/eminonubalikekmek.com\/wp-content\/uploads\/tarihi-eminonu-balikcisi-ani-kosesi-9.jpg\" data-elementor-open-lightbox=\"yes\" data-elementor-lightbox-slideshow=\"0058129\" data-e-action-hash=\"#elementor-action%3Aaction%3Dlightbox%26settings%3DeyJpZCI6ODg2LCJ1cmwiOiJodHRwczpcL1wvZW1pbm9udWJhbGlrZWttZWsuY29tXC93cC1jb250ZW50XC91cGxvYWRzXC90YXJpaGktZW1pbm9udS1iYWxpa2Npc2ktYW5pLWtvc2VzaS05LmpwZyIsInNsaWRlc2hvdyI6IjAwNTgxMjkifQ%3D%3D\">\n\t\t\t\t\t<div class=\"e-gallery-image elementor-gallery-item__image\" data-thumbnail=\"https:\/\/eminonubalikekmek.com\/wp-content\/uploads\/tarihi-eminonu-balikcisi-ani-kosesi-9.jpg\" data-width=\"768\" data-height=\"1055\" aria-label=\"\" role=\"img\" ><\/div>\n\t\t\t\t\t\t\t\t\t\t\t<div class=\"elementor-gallery-item__overlay\"><\/div>\n\t\t\t\t\t\t\t\t\t\t\t\t\t\t<\/a>\n\t\t\t\t\t\t\t<a class=\"e-gallery-item elementor-gallery-item elementor-animated-content\" href=\"https:\/\/eminonubalikekmek.com\/wp-content\/uploads\/tarihi-eminonu-balikcisi-ani-kosesi-10.jpg\" data-elementor-open-lightbox=\"yes\" data-elementor-lightbox-slideshow=\"0058129\" data-e-action-hash=\"#elementor-action%3Aaction%3Dlightbox%26settings%3DeyJpZCI6ODg3LCJ1cmwiOiJodHRwczpcL1wvZW1pbm9udWJhbGlrZWttZWsuY29tXC93cC1jb250ZW50XC91cGxvYWRzXC90YXJpaGktZW1pbm9udS1iYWxpa2Npc2ktYW5pLWtvc2VzaS0xMC5qcGciLCJzbGlkZXNob3ciOiIwMDU4MTI5In0%3D\">\n\t\t\t\t\t<div class=\"e-gallery-image elementor-gallery-item__image\" data-thumbnail=\"https:\/\/eminonubalikekmek.com\/wp-content\/uploads\/tarihi-eminonu-balikcisi-ani-kosesi-10.jpg\" data-width=\"768\" data-height=\"1055\" aria-label=\"\" role=\"img\" ><\/div>\n\t\t\t\t\t\t\t\t\t\t\t<div class=\"elementor-gallery-item__overlay\"><\/div>\n\t\t\t\t\t\t\t\t\t\t\t\t\t\t<\/a>\n\t\t\t\t\t\t\t<a class=\"e-gallery-item elementor-gallery-item elementor-animated-content\" href=\"https:\/\/eminonubalikekmek.com\/wp-content\/uploads\/tarihi-eminonu-balikcisi-ani-kosesi-11.jpg\" data-elementor-open-lightbox=\"yes\" data-elementor-lightbox-slideshow=\"0058129\" data-e-action-hash=\"#elementor-action%3Aaction%3Dlightbox%26settings%3DeyJpZCI6ODg4LCJ1cmwiOiJodHRwczpcL1wvZW1pbm9udWJhbGlrZWttZWsuY29tXC93cC1jb250ZW50XC91cGxvYWRzXC90YXJpaGktZW1pbm9udS1iYWxpa2Npc2ktYW5pLWtvc2VzaS0xMS5qcGciLCJzbGlkZXNob3ciOiIwMDU4MTI5In0%3D\">\n\t\t\t\t\t<div class=\"e-gallery-image elementor-gallery-item__image\" data-thumbnail=\"https:\/\/eminonubalikekmek.com\/wp-content\/uploads\/tarihi-eminonu-balikcisi-ani-kosesi-11.jpg\" data-width=\"768\" data-height=\"1055\" aria-label=\"\" role=\"img\" ><\/div>\n\t\t\t\t\t\t\t\t\t\t\t<div class=\"elementor-gallery-item__overlay\"><\/div>\n\t\t\t\t\t\t\t\t\t\t\t\t\t\t<\/a>\n\t\t\t\t\t\t\t<a class=\"e-gallery-item elementor-gallery-item elementor-animated-content\" href=\"https:\/\/eminonubalikekmek.com\/wp-content\/uploads\/tarihi-eminonu-balikcisi-ani-kosesi-12.jpg\" data-elementor-open-lightbox=\"yes\" data-elementor-lightbox-slideshow=\"0058129\" data-e-action-hash=\"#elementor-action%3Aaction%3Dlightbox%26settings%3DeyJpZCI6ODg5LCJ1cmwiOiJodHRwczpcL1wvZW1pbm9udWJhbGlrZWttZWsuY29tXC93cC1jb250ZW50XC91cGxvYWRzXC90YXJpaGktZW1pbm9udS1iYWxpa2Npc2ktYW5pLWtvc2VzaS0xMi5qcGciLCJzbGlkZXNob3ciOiIwMDU4MTI5In0%3D\">\n\t\t\t\t\t<div class=\"e-gallery-image elementor-gallery-item__image\" data-thumbnail=\"https:\/\/eminonubalikekmek.com\/wp-content\/uploads\/tarihi-eminonu-balikcisi-ani-kosesi-12.jpg\" data-width=\"768\" data-height=\"1089\" aria-label=\"\" role=\"img\" ><\/div>\n\t\t\t\t\t\t\t\t\t\t\t<div class=\"elementor-gallery-item__overlay\"><\/div>\n\t\t\t\t\t\t\t\t\t\t\t\t\t\t<\/a>\n\t\t\t\t\t\t\t<a class=\"e-gallery-item elementor-gallery-item elementor-animated-content\" href=\"https:\/\/eminonubalikekmek.com\/wp-content\/uploads\/tarihi-eminonu-balikcisi-ani-kosesi-13.jpg\" data-elementor-open-lightbox=\"yes\" data-elementor-lightbox-slideshow=\"0058129\" data-e-action-hash=\"#elementor-action%3Aaction%3Dlightbox%26settings%3DeyJpZCI6ODkwLCJ1cmwiOiJodHRwczpcL1wvZW1pbm9udWJhbGlrZWttZWsuY29tXC93cC1jb250ZW50XC91cGxvYWRzXC90YXJpaGktZW1pbm9udS1iYWxpa2Npc2ktYW5pLWtvc2VzaS0xMy5qcGciLCJzbGlkZXNob3ciOiIwMDU4MTI5In0%3D\">\n\t\t\t\t\t<div class=\"e-gallery-image elementor-gallery-item__image\" data-thumbnail=\"https:\/\/eminonubalikekmek.com\/wp-content\/uploads\/tarihi-eminonu-balikcisi-ani-kosesi-13.jpg\" data-width=\"768\" data-height=\"1055\" aria-label=\"\" role=\"img\" ><\/div>\n\t\t\t\t\t\t\t\t\t\t\t<div class=\"elementor-gallery-item__overlay\"><\/div>\n\t\t\t\t\t\t\t\t\t\t\t\t\t\t<\/a>\n\t\t\t\t\t\t\t<a class=\"e-gallery-item elementor-gallery-item elementor-animated-content\" href=\"https:\/\/eminonubalikekmek.com\/wp-content\/uploads\/tarihi-eminonu-balikcisi-ani-kosesi-14.jpg\" data-elementor-open-lightbox=\"yes\" data-elementor-lightbox-slideshow=\"0058129\" data-e-action-hash=\"#elementor-action%3Aaction%3Dlightbox%26settings%3DeyJpZCI6ODkxLCJ1cmwiOiJodHRwczpcL1wvZW1pbm9udWJhbGlrZWttZWsuY29tXC93cC1jb250ZW50XC91cGxvYWRzXC90YXJpaGktZW1pbm9udS1iYWxpa2Npc2ktYW5pLWtvc2VzaS0xNC5qcGciLCJzbGlkZXNob3ciOiIwMDU4MTI5In0%3D\">\n\t\t\t\t\t<div class=\"e-gallery-image elementor-gallery-item__image\" data-thumbnail=\"https:\/\/eminonubalikekmek.com\/wp-content\/uploads\/tarihi-eminonu-balikcisi-ani-kosesi-14.jpg\" data-width=\"768\" data-height=\"1055\" aria-label=\"\" role=\"img\" ><\/div>\n\t\t\t\t\t\t\t\t\t\t\t<div class=\"elementor-gallery-item__overlay\"><\/div>\n\t\t\t\t\t\t\t\t\t\t\t\t\t\t<\/a>\n\t\t\t\t\t\t\t<a class=\"e-gallery-item elementor-gallery-item elementor-animated-content\" href=\"https:\/\/eminonubalikekmek.com\/wp-content\/uploads\/tarihi-eminonu-balikcisi-ani-kosesi-15.jpg\" data-elementor-open-lightbox=\"yes\" data-elementor-lightbox-slideshow=\"0058129\" data-e-action-hash=\"#elementor-action%3Aaction%3Dlightbox%26settings%3DeyJpZCI6ODkyLCJ1cmwiOiJodHRwczpcL1wvZW1pbm9udWJhbGlrZWttZWsuY29tXC93cC1jb250ZW50XC91cGxvYWRzXC90YXJpaGktZW1pbm9udS1iYWxpa2Npc2ktYW5pLWtvc2VzaS0xNS5qcGciLCJzbGlkZXNob3ciOiIwMDU4MTI5In0%3D\">\n\t\t\t\t\t<div class=\"e-gallery-image elementor-gallery-item__image\" data-thumbnail=\"https:\/\/eminonubalikekmek.com\/wp-content\/uploads\/tarihi-eminonu-balikcisi-ani-kosesi-15.jpg\" data-width=\"768\" data-height=\"1055\" aria-label=\"\" role=\"img\" ><\/div>\n\t\t\t\t\t\t\t\t\t\t\t<div class=\"elementor-gallery-item__overlay\"><\/div>\n\t\t\t\t\t\t\t\t\t\t\t\t\t\t<\/a>\n\t\t\t\t\t\t\t<a class=\"e-gallery-item elementor-gallery-item elementor-animated-content\" href=\"https:\/\/eminonubalikekmek.com\/wp-content\/uploads\/tarihi-eminonu-balikcisi-ani-kosesi-16.jpg\" data-elementor-open-lightbox=\"yes\" data-elementor-lightbox-slideshow=\"0058129\" data-e-action-hash=\"#elementor-action%3Aaction%3Dlightbox%26settings%3DeyJpZCI6ODkzLCJ1cmwiOiJodHRwczpcL1wvZW1pbm9udWJhbGlrZWttZWsuY29tXC93cC1jb250ZW50XC91cGxvYWRzXC90YXJpaGktZW1pbm9udS1iYWxpa2Npc2ktYW5pLWtvc2VzaS0xNi5qcGciLCJzbGlkZXNob3ciOiIwMDU4MTI5In0%3D\">\n\t\t\t\t\t<div class=\"e-gallery-image elementor-gallery-item__image\" data-thumbnail=\"https:\/\/eminonubalikekmek.com\/wp-content\/uploads\/tarihi-eminonu-balikcisi-ani-kosesi-16.jpg\" data-width=\"768\" data-height=\"1055\" aria-label=\"\" role=\"img\" ><\/div>\n\t\t\t\t\t\t\t\t\t\t\t<div class=\"elementor-gallery-item__overlay\"><\/div>\n\t\t\t\t\t\t\t\t\t\t\t\t\t\t<\/a>\n\t\t\t\t\t\t\t<a class=\"e-gallery-item elementor-gallery-item elementor-animated-content\" href=\"https:\/\/eminonubalikekmek.com\/wp-content\/uploads\/tarihi-eminonu-balikcisi-ani-kosesi-1.jpg\" data-elementor-open-lightbox=\"yes\" data-elementor-lightbox-slideshow=\"0058129\" data-e-action-hash=\"#elementor-action%3Aaction%3Dlightbox%26settings%3DeyJpZCI6ODk0LCJ1cmwiOiJodHRwczpcL1wvZW1pbm9udWJhbGlrZWttZWsuY29tXC93cC1jb250ZW50XC91cGxvYWRzXC90YXJpaGktZW1pbm9udS1iYWxpa2Npc2ktYW5pLWtvc2VzaS0xLmpwZyIsInNsaWRlc2hvdyI6IjAwNTgxMjkifQ%3D%3D\">\n\t\t\t\t\t<div class=\"e-gallery-image elementor-gallery-item__image\" data-thumbnail=\"https:\/\/eminonubalikekmek.com\/wp-content\/uploads\/tarihi-eminonu-balikcisi-ani-kosesi-1.jpg\" data-width=\"1057\" data-height=\"768\" aria-label=\"\" role=\"img\" ><\/div>\n\t\t\t\t\t\t\t\t\t\t\t<div class=\"elementor-gallery-item__overlay\"><\/div>\n\t\t\t\t\t\t\t\t\t\t\t\t\t\t<\/a>\n\t\t\t\t\t\t\t<a class=\"e-gallery-item elementor-gallery-item elementor-animated-content\" href=\"https:\/\/eminonubalikekmek.com\/wp-content\/uploads\/tarihi-eminonu-balikcisi-ani-kosesi-2.jpg\" data-elementor-open-lightbox=\"yes\" data-elementor-lightbox-slideshow=\"0058129\" data-e-action-hash=\"#elementor-action%3Aaction%3Dlightbox%26settings%3DeyJpZCI6ODk1LCJ1cmwiOiJodHRwczpcL1wvZW1pbm9udWJhbGlrZWttZWsuY29tXC93cC1jb250ZW50XC91cGxvYWRzXC90YXJpaGktZW1pbm9udS1iYWxpa2Npc2ktYW5pLWtvc2VzaS0yLmpwZyIsInNsaWRlc2hvdyI6IjAwNTgxMjkifQ%3D%3D\">\n\t\t\t\t\t<div class=\"e-gallery-image elementor-gallery-item__image\" data-thumbnail=\"https:\/\/eminonubalikekmek.com\/wp-content\/uploads\/tarihi-eminonu-balikcisi-ani-kosesi-2.jpg\" data-width=\"768\" data-height=\"1055\" aria-label=\"\" role=\"img\" ><\/div>\n\t\t\t\t\t\t\t\t\t\t\t<div class=\"elementor-gallery-item__overlay\"><\/div>\n\t\t\t\t\t\t\t\t\t\t\t\t\t\t<\/a>\n\t\t\t\t\t\t\t<a class=\"e-gallery-item elementor-gallery-item elementor-animated-content\" href=\"https:\/\/eminonubalikekmek.com\/wp-content\/uploads\/tarihi-eminonu-balikcisi-ani-kosesi-3.jpg\" data-elementor-open-lightbox=\"yes\" data-elementor-lightbox-slideshow=\"0058129\" data-e-action-hash=\"#elementor-action%3Aaction%3Dlightbox%26settings%3DeyJpZCI6ODk2LCJ1cmwiOiJodHRwczpcL1wvZW1pbm9udWJhbGlrZWttZWsuY29tXC93cC1jb250ZW50XC91cGxvYWRzXC90YXJpaGktZW1pbm9udS1iYWxpa2Npc2ktYW5pLWtvc2VzaS0zLmpwZyIsInNsaWRlc2hvdyI6IjAwNTgxMjkifQ%3D%3D\">\n\t\t\t\t\t<div class=\"e-gallery-image elementor-gallery-item__image\" data-thumbnail=\"https:\/\/eminonubalikekmek.com\/wp-content\/uploads\/tarihi-eminonu-balikcisi-ani-kosesi-3.jpg\" data-width=\"768\" data-height=\"1089\" aria-label=\"\" role=\"img\" ><\/div>\n\t\t\t\t\t\t\t\t\t\t\t<div class=\"elementor-gallery-item__overlay\"><\/div>\n\t\t\t\t\t\t\t\t\t\t\t\t\t\t<\/a>\n\t\t\t\t\t\t\t<a class=\"e-gallery-item elementor-gallery-item elementor-animated-content\" href=\"https:\/\/eminonubalikekmek.com\/wp-content\/uploads\/tarihi-eminonu-balikcisi-ani-kosesi-4.jpg\" data-elementor-open-lightbox=\"yes\" data-elementor-lightbox-slideshow=\"0058129\" data-e-action-hash=\"#elementor-action%3Aaction%3Dlightbox%26settings%3DeyJpZCI6ODk3LCJ1cmwiOiJodHRwczpcL1wvZW1pbm9udWJhbGlrZWttZWsuY29tXC93cC1jb250ZW50XC91cGxvYWRzXC90YXJpaGktZW1pbm9udS1iYWxpa2Npc2ktYW5pLWtvc2VzaS00LmpwZyIsInNsaWRlc2hvdyI6IjAwNTgxMjkifQ%3D%3D\">\n\t\t\t\t\t<div class=\"e-gallery-image elementor-gallery-item__image\" data-thumbnail=\"https:\/\/eminonubalikekmek.com\/wp-content\/uploads\/tarihi-eminonu-balikcisi-ani-kosesi-4.jpg\" data-width=\"768\" data-height=\"1057\" aria-label=\"\" role=\"img\" ><\/div>\n\t\t\t\t\t\t\t\t\t\t\t<div class=\"elementor-gallery-item__overlay\"><\/div>\n\t\t\t\t\t\t\t\t\t\t\t\t\t\t<\/a>\n\t\t\t\t\t<\/div>\n\t\t\t\t\t<\/div>\n\t\t\t\t<\/div>\n\t\t\t\t\t<\/div>\n\t\t\t\t<\/div>\n\t\t\t\t<\/div>","protected":false},"excerpt":{"rendered":"<p>An\u0131 K\u00f6\u015fesi Kalyata-i Barbaros misafirlerinin ya\u015fam\u0131\u015f oldu\u011fu e\u015fsiz deneyim ve an\u0131lar\u0131 bu k\u00f6\u015fede biriktiriyoruz! Dilerseniz bu alandan misafirlerimizin k\u0131ymetli an\u0131lar\u0131n\u0131 okuyabilir yada a\u015fa\u011f\u0131daki butona t\u0131klayarak kendi an\u0131lar\u0131n\u0131z\u0131 payla\u015fabilirsiniz. An\u0131lar\u0131n\u0131z\u0131 Bizimle Payla\u015f\u0131n<\/p>","protected":false},"author":1,"featured_media":0,"parent":0,"menu_order":0,"comment_status":"closed","ping_status":"closed","template":"","meta":{"_acf_changed":false,"footnotes":""},"class_list":["post-867","page","type-page","status-publish","hentry"],"acf":[],"_links":{"self":[{"href":"https:\/\/eminonubalikekmek.com\/en\/wp-json\/wp\/v2\/pages\/867","targetHints":{"allow":["GET"]}}],"collection":[{"href":"https:\/\/eminonubalikekmek.com\/en\/wp-json\/wp\/v2\/pages"}],"about":[{"href":"https:\/\/eminonubalikekmek.com\/en\/wp-json\/wp\/v2\/types\/page"}],"author":[{"embeddable":true,"href":"https:\/\/eminonubalikekmek.com\/en\/wp-json\/wp\/v2\/users\/1"}],"replies":[{"embeddable":true,"href":"https:\/\/eminonubalikekmek.com\/en\/wp-json\/wp\/v2\/comments?post=867"}],"version-history":[{"count":11,"href":"https:\/\/eminonubalikekmek.com\/en\/wp-json\/wp\/v2\/pages\/867\/revisions"}],"predecessor-version":[{"id":981,"href":"https:\/\/eminonubalikekmek.com\/en\/wp-json\/wp\/v2\/pages\/867\/revisions\/981"}],"wp:attachment":[{"href":"https:\/\/eminonubalikekmek.com\/en\/wp-json\/wp\/v2\/media?parent=867"}],"curies":[{"name":"wp","href":"https:\/\/api.w.org\/{rel}","templated":true}]}}