{"id":26,"date":"2024-12-02T16:24:24","date_gmt":"2024-12-02T16:24:24","guid":{"rendered":"https:\/\/eminonu.yeniproje.dev\/?page_id=26"},"modified":"2025-02-04T17:22:05","modified_gmt":"2025-02-04T17:22:05","slug":"basinda-biz","status":"publish","type":"page","link":"https:\/\/eminonubalikekmek.com\/en\/basinda-biz\/","title":{"rendered":"In the Press"},"content":{"rendered":"<div data-elementor-type=\"wp-page\" data-elementor-id=\"26\" class=\"elementor elementor-26\" data-elementor-post-type=\"page\">\n\t\t\t\t<div class=\"elementor-element elementor-element-b1b83a1 e-flex e-con-boxed e-con e-parent\" data-id=\"b1b83a1\" data-element_type=\"container\" data-settings=\"{&quot;background_background&quot;:&quot;gradient&quot;}\">\n\t\t\t\t\t<div class=\"e-con-inner\">\n\t\t\t\t\t<\/div>\n\t\t\t\t<\/div>\n\t\t<div class=\"elementor-element elementor-element-db8a490 e-flex e-con-boxed e-con e-parent\" data-id=\"db8a490\" data-element_type=\"container\">\n\t\t\t\t\t<div class=\"e-con-inner\">\n\t\t\t\t<div class=\"elementor-element elementor-element-d1a06cb elementor-grid-3 elementor-grid-tablet-2 elementor-grid-mobile-1 elementor-widget elementor-widget-loop-grid\" data-id=\"d1a06cb\" data-element_type=\"widget\" data-settings=\"{&quot;template_id&quot;:565,&quot;columns&quot;:3,&quot;_skin&quot;:&quot;post&quot;,&quot;columns_tablet&quot;:&quot;2&quot;,&quot;columns_mobile&quot;:&quot;1&quot;,&quot;edit_handle_selector&quot;:&quot;[data-elementor-type=\\&quot;loop-item\\&quot;]&quot;,&quot;row_gap&quot;:{&quot;unit&quot;:&quot;px&quot;,&quot;size&quot;:&quot;&quot;,&quot;sizes&quot;:[]},&quot;row_gap_tablet&quot;:{&quot;unit&quot;:&quot;px&quot;,&quot;size&quot;:&quot;&quot;,&quot;sizes&quot;:[]},&quot;row_gap_mobile&quot;:{&quot;unit&quot;:&quot;px&quot;,&quot;size&quot;:&quot;&quot;,&quot;sizes&quot;:[]}}\" data-widget_type=\"loop-grid.post\">\n\t\t\t\t<div class=\"elementor-widget-container\">\n\t\t\t\t\t\t\t<div class=\"elementor-loop-container elementor-grid\" role=\"list\">\n\t\t<style id=\"loop-565\">.elementor-565 .elementor-element.elementor-element-43fc393c{--display:flex;--flex-direction:column;--container-widget-width:calc( ( 1 - var( --container-widget-flex-grow ) ) * 100% );--container-widget-height:initial;--container-widget-flex-grow:0;--container-widget-align-self:initial;--flex-wrap-mobile:wrap;--justify-content:center;--align-items:center;--gap:15px 15px;--row-gap:15px;--column-gap:15px;border-style:solid;--border-style:solid;border-width:1px 1px 1px 1px;--border-top-width:1px;--border-right-width:1px;--border-bottom-width:1px;--border-left-width:1px;border-color:var( --e-global-color-cf896c9 );--border-color:var( --e-global-color-cf896c9 );--border-radius:10px 10px 10px 10px;--padding-top:15px;--padding-bottom:15px;--padding-left:15px;--padding-right:15px;}.elementor-565 .elementor-element.elementor-element-43fc393c:not(.elementor-motion-effects-element-type-background), .elementor-565 .elementor-element.elementor-element-43fc393c > .elementor-motion-effects-container > .elementor-motion-effects-layer{background-color:var( --e-global-color-0991afa );}.elementor-widget-image .widget-image-caption{color:var( --e-global-color-text );font-family:var( --e-global-typography-text-font-family ), Sans-serif;font-weight:var( --e-global-typography-text-font-weight );}.elementor-565 .elementor-element.elementor-element-70336b3a img{border-radius:5px 5px 5px 5px;}.elementor-widget-heading .elementor-heading-title{font-family:var( --e-global-typography-primary-font-family ), Sans-serif;font-weight:var( --e-global-typography-primary-font-weight );color:var( --e-global-color-primary );}.elementor-565 .elementor-element.elementor-element-0975a09{width:auto;max-width:auto;text-align:left;}.elementor-565 .elementor-element.elementor-element-0975a09 > .elementor-widget-container{background-color:var( --e-global-color-accent );padding:5px 10px 5px 10px;border-radius:3px 3px 3px 3px;}.elementor-565 .elementor-element.elementor-element-0975a09 .elementor-heading-title{font-family:\"Forum\", Sans-serif;font-size:17px;font-weight:500;letter-spacing:1px;color:var( --e-global-color-ed42c77 );}.elementor-widget-theme-post-title .elementor-heading-title{font-family:var( --e-global-typography-primary-font-family ), Sans-serif;font-weight:var( --e-global-typography-primary-font-weight );color:var( --e-global-color-primary );}.elementor-565 .elementor-element.elementor-element-7b699e09{text-align:center;}.elementor-565 .elementor-element.elementor-element-7b699e09 .elementor-heading-title{font-family:\"Forum\", Sans-serif;font-size:25px;font-weight:500;}.elementor-widget-theme-post-excerpt .elementor-widget-container{font-family:var( --e-global-typography-text-font-family ), Sans-serif;font-weight:var( --e-global-typography-text-font-weight );color:var( --e-global-color-text );}.elementor-565 .elementor-element.elementor-element-1da0e784 > .elementor-widget-container{margin:0px 0px -22px 0px;}.elementor-565 .elementor-element.elementor-element-1da0e784 .elementor-widget-container{text-align:center;}.elementor-565 .elementor-element.elementor-element-6ec11861 .elementor-heading-title{font-family:\"Forum\", Sans-serif;font-size:17px;font-weight:500;letter-spacing:0px;}@media(max-width:1024px){.elementor-565 .elementor-element.elementor-element-7b699e09 .elementor-heading-title{font-size:25px;}}@media(max-width:767px){.elementor-565 .elementor-element.elementor-element-0975a09 > .elementor-widget-container{margin:0px 0px -5px 0px;}.elementor-565 .elementor-element.elementor-element-0975a09{text-align:center;}.elementor-565 .elementor-element.elementor-element-7b699e09 > .elementor-widget-container{margin:0px 0px -10px 0px;}.elementor-565 .elementor-element.elementor-element-7b699e09 .elementor-heading-title{font-size:22px;}}<\/style>\t\t<div data-elementor-type=\"loop-item\" data-elementor-id=\"565\" class=\"elementor elementor-565 e-loop-item e-loop-item-671 post-671 basinda-biz type-basinda-biz status-publish has-post-thumbnail hentry kategori-yabanci-basin\" data-elementor-post-type=\"elementor_library\" data-custom-edit-handle=\"1\">\n\t\t\t<div class=\"elementor-element elementor-element-43fc393c e-flex e-con-boxed e-con e-parent\" data-id=\"43fc393c\" data-element_type=\"container\" data-settings=\"{&quot;background_background&quot;:&quot;classic&quot;}\">\n\t\t\t\t\t<div class=\"e-con-inner\">\n\t\t\t\t<div class=\"elementor-element elementor-element-70336b3a elementor-widget elementor-widget-image\" data-id=\"70336b3a\" data-element_type=\"widget\" data-widget_type=\"image.default\">\n\t\t\t\t<div class=\"elementor-widget-container\">\n\t\t\t\t\t\t\t\t\t\t\t\t\t\t\t\t<a href=\"https:\/\/eminonubalikekmek.com\/en\/basinda-biz\/eminonunun-essiz-ritmi\/\">\n\t\t\t\t\t\t\t<img decoding=\"async\" width=\"1080\" height=\"786\" src=\"https:\/\/eminonubalikekmek.com\/wp-content\/uploads\/tarihi-eminonu-balikcisi-basinda-biz-1.jpg\" class=\"attachment-full size-full wp-image-672\" alt=\"\" srcset=\"https:\/\/eminonubalikekmek.com\/wp-content\/uploads\/tarihi-eminonu-balikcisi-basinda-biz-1.jpg 1080w, https:\/\/eminonubalikekmek.com\/wp-content\/uploads\/tarihi-eminonu-balikcisi-basinda-biz-1-300x218.jpg 300w, https:\/\/eminonubalikekmek.com\/wp-content\/uploads\/tarihi-eminonu-balikcisi-basinda-biz-1-1024x745.jpg 1024w, https:\/\/eminonubalikekmek.com\/wp-content\/uploads\/tarihi-eminonu-balikcisi-basinda-biz-1-768x559.jpg 768w\" sizes=\"(max-width: 1080px) 100vw, 1080px\" \/>\t\t\t\t\t\t\t\t<\/a>\n\t\t\t\t\t\t\t\t\t\t\t\t\t\t\t<\/div>\n\t\t\t\t<\/div>\n\t\t\t\t<div class=\"elementor-element elementor-element-0975a09 elementor-widget__width-auto elementor-widget elementor-widget-heading\" data-id=\"0975a09\" data-element_type=\"widget\" data-widget_type=\"heading.default\">\n\t\t\t\t<div class=\"elementor-widget-container\">\n\t\t\t\t\t<h2 class=\"elementor-heading-title elementor-size-default\"><span>Foreign Press<\/span><\/h2>\t\t\t\t<\/div>\n\t\t\t\t<\/div>\n\t\t\t\t<div class=\"elementor-element elementor-element-7b699e09 elementor-widget elementor-widget-theme-post-title elementor-page-title elementor-widget-heading\" data-id=\"7b699e09\" data-element_type=\"widget\" data-widget_type=\"theme-post-title.default\">\n\t\t\t\t<div class=\"elementor-widget-container\">\n\t\t\t\t\t<h1 class=\"elementor-heading-title elementor-size-default\"><a href=\"https:\/\/eminonubalikekmek.com\/en\/basinda-biz\/eminonunun-essiz-ritmi\/\">The Unique Rhythm Emin\u00f6n\u00fc<\/a><\/h1>\t\t\t\t<\/div>\n\t\t\t\t<\/div>\n\t\t\t\t<div class=\"elementor-element elementor-element-1da0e784 elementor-widget elementor-widget-theme-post-excerpt\" data-id=\"1da0e784\" data-element_type=\"widget\" data-widget_type=\"theme-post-excerpt.default\">\n\t\t\t\t<div class=\"elementor-widget-container\">\n\t\t\t\t\t<p>Marlene Sch\u00e4fers\u2019in kaleme ald\u0131\u011f\u0131 yaz\u0131da, \u0130stanbul\u2019un tarihi Emin\u00f6n\u00fc semtinde yer alan bal\u0131k ekmek tekneleri Kalyata-i Barbaros teknesiyle \u00f6ne \u00e7\u0131kar\u0131l\u0131yor. Sch\u00e4fers,\t\t\t\t<\/div>\n\t\t\t\t<\/div>\n\t\t\t\t<div class=\"elementor-element elementor-element-6ec11861 elementor-widget elementor-widget-heading\" data-id=\"6ec11861\" data-element_type=\"widget\" data-widget_type=\"heading.default\">\n\t\t\t\t<div class=\"elementor-widget-container\">\n\t\t\t\t\t<h2 class=\"elementor-heading-title elementor-size-default\"><a href=\"https:\/\/eminonubalikekmek.com\/en\/basinda-biz\/eminonunun-essiz-ritmi\/\">Read The Continuation<\/a><\/h2>\t\t\t\t<\/div>\n\t\t\t\t<\/div>\n\t\t\t\t\t<\/div>\n\t\t\t\t<\/div>\n\t\t\t\t<\/div>\n\t\t\t\t<div data-elementor-type=\"loop-item\" data-elementor-id=\"565\" class=\"elementor elementor-565 e-loop-item e-loop-item-769 post-769 basinda-biz type-basinda-biz status-publish has-post-thumbnail hentry kategori-yabanci-basin\" data-elementor-post-type=\"elementor_library\" data-custom-edit-handle=\"1\">\n\t\t\t<div class=\"elementor-element elementor-element-43fc393c e-flex e-con-boxed e-con e-parent\" data-id=\"43fc393c\" data-element_type=\"container\" data-settings=\"{&quot;background_background&quot;:&quot;classic&quot;}\">\n\t\t\t\t\t<div class=\"e-con-inner\">\n\t\t\t\t<div class=\"elementor-element elementor-element-70336b3a elementor-widget elementor-widget-image\" data-id=\"70336b3a\" data-element_type=\"widget\" data-widget_type=\"image.default\">\n\t\t\t\t<div class=\"elementor-widget-container\">\n\t\t\t\t\t\t\t\t\t\t\t\t\t\t\t\t<a href=\"https:\/\/eminonubalikekmek.com\/en\/basinda-biz\/eminonunde-tablo-gibi-bir-aksam\/\">\n\t\t\t\t\t\t\t<img decoding=\"async\" width=\"1080\" height=\"786\" src=\"https:\/\/eminonubalikekmek.com\/wp-content\/uploads\/tarihi-eminonu-balikcisi-basinda-biz-1-1.jpg\" class=\"attachment-full size-full wp-image-770\" alt=\"\" srcset=\"https:\/\/eminonubalikekmek.com\/wp-content\/uploads\/tarihi-eminonu-balikcisi-basinda-biz-1-1.jpg 1080w, https:\/\/eminonubalikekmek.com\/wp-content\/uploads\/tarihi-eminonu-balikcisi-basinda-biz-1-1-300x218.jpg 300w, https:\/\/eminonubalikekmek.com\/wp-content\/uploads\/tarihi-eminonu-balikcisi-basinda-biz-1-1-1024x745.jpg 1024w, https:\/\/eminonubalikekmek.com\/wp-content\/uploads\/tarihi-eminonu-balikcisi-basinda-biz-1-1-768x559.jpg 768w\" sizes=\"(max-width: 1080px) 100vw, 1080px\" \/>\t\t\t\t\t\t\t\t<\/a>\n\t\t\t\t\t\t\t\t\t\t\t\t\t\t\t<\/div>\n\t\t\t\t<\/div>\n\t\t\t\t<div class=\"elementor-element elementor-element-0975a09 elementor-widget__width-auto elementor-widget elementor-widget-heading\" data-id=\"0975a09\" data-element_type=\"widget\" data-widget_type=\"heading.default\">\n\t\t\t\t<div class=\"elementor-widget-container\">\n\t\t\t\t\t<h2 class=\"elementor-heading-title elementor-size-default\"><span>Foreign Press<\/span><\/h2>\t\t\t\t<\/div>\n\t\t\t\t<\/div>\n\t\t\t\t<div class=\"elementor-element elementor-element-7b699e09 elementor-widget elementor-widget-theme-post-title elementor-page-title elementor-widget-heading\" data-id=\"7b699e09\" data-element_type=\"widget\" data-widget_type=\"theme-post-title.default\">\n\t\t\t\t<div class=\"elementor-widget-container\">\n\t\t\t\t\t<h1 class=\"elementor-heading-title elementor-size-default\"><a href=\"https:\/\/eminonubalikekmek.com\/en\/basinda-biz\/eminonunde-tablo-gibi-bir-aksam\/\">An Evening Such As A Table In Emin\u00f6n\u00fc<\/a><\/h1>\t\t\t\t<\/div>\n\t\t\t\t<\/div>\n\t\t\t\t<div class=\"elementor-element elementor-element-1da0e784 elementor-widget elementor-widget-theme-post-excerpt\" data-id=\"1da0e784\" data-element_type=\"widget\" data-widget_type=\"theme-post-excerpt.default\">\n\t\t\t\t<div class=\"elementor-widget-container\">\n\t\t\t\t\t<p>Milliyet newspaper, quoting the Reuters news agency put forward a study for the British.<\/p>\t\t\t\t<\/div>\n\t\t\t\t<\/div>\n\t\t\t\t<div class=\"elementor-element elementor-element-6ec11861 elementor-widget elementor-widget-heading\" data-id=\"6ec11861\" data-element_type=\"widget\" data-widget_type=\"heading.default\">\n\t\t\t\t<div class=\"elementor-widget-container\">\n\t\t\t\t\t<h2 class=\"elementor-heading-title elementor-size-default\"><a href=\"https:\/\/eminonubalikekmek.com\/en\/basinda-biz\/eminonunde-tablo-gibi-bir-aksam\/\">Read The Continuation<\/a><\/h2>\t\t\t\t<\/div>\n\t\t\t\t<\/div>\n\t\t\t\t\t<\/div>\n\t\t\t\t<\/div>\n\t\t\t\t<\/div>\n\t\t\t\t<\/div>\n\t\t\n\t\t\t\t\t\t<\/div>\n\t\t\t\t<\/div>\n\t\t\t\t\t<\/div>\n\t\t\t\t<\/div>\n\t\t\t\t<\/div>","protected":false},"excerpt":{"rendered":"","protected":false},"author":1,"featured_media":0,"parent":0,"menu_order":0,"comment_status":"closed","ping_status":"closed","template":"","meta":{"_acf_changed":false,"footnotes":""},"class_list":["post-26","page","type-page","status-publish","hentry"],"acf":[],"_links":{"self":[{"href":"https:\/\/eminonubalikekmek.com\/en\/wp-json\/wp\/v2\/pages\/26","targetHints":{"allow":["GET"]}}],"collection":[{"href":"https:\/\/eminonubalikekmek.com\/en\/wp-json\/wp\/v2\/pages"}],"about":[{"href":"https:\/\/eminonubalikekmek.com\/en\/wp-json\/wp\/v2\/types\/page"}],"author":[{"embeddable":true,"href":"https:\/\/eminonubalikekmek.com\/en\/wp-json\/wp\/v2\/users\/1"}],"replies":[{"embeddable":true,"href":"https:\/\/eminonubalikekmek.com\/en\/wp-json\/wp\/v2\/comments?post=26"}],"version-history":[{"count":19,"href":"https:\/\/eminonubalikekmek.com\/en\/wp-json\/wp\/v2\/pages\/26\/revisions"}],"predecessor-version":[{"id":569,"href":"https:\/\/eminonubalikekmek.com\/en\/wp-json\/wp\/v2\/pages\/26\/revisions\/569"}],"wp:attachment":[{"href":"https:\/\/eminonubalikekmek.com\/en\/wp-json\/wp\/v2\/media?parent=26"}],"curies":[{"name":"wp","href":"https:\/\/api.w.org\/{rel}","templated":true}]}}