{"id":22,"date":"2024-12-02T16:24:05","date_gmt":"2024-12-02T16:24:05","guid":{"rendered":"https:\/\/eminonu.yeniproje.dev\/?page_id=22"},"modified":"2025-02-04T17:28:09","modified_gmt":"2025-02-04T17:28:09","slug":"tarih-ve-kultur-elciligimiz","status":"publish","type":"page","link":"https:\/\/eminonubalikekmek.com\/en\/tarih-ve-kultur-elciligimiz\/","title":{"rendered":"History &amp; Culture Ambassadorship"},"content":{"rendered":"<div data-elementor-type=\"wp-page\" data-elementor-id=\"22\" class=\"elementor elementor-22\" data-elementor-post-type=\"page\">\n\t\t\t\t<div class=\"elementor-element elementor-element-7809097 e-flex e-con-boxed e-con e-parent\" data-id=\"7809097\" data-element_type=\"container\" data-settings=\"{&quot;background_background&quot;:&quot;gradient&quot;}\">\n\t\t\t\t\t<div class=\"e-con-inner\">\n\t\t\t\t\t<\/div>\n\t\t\t\t<\/div>\n\t\t<div class=\"elementor-element elementor-element-a4b58dd e-flex e-con-boxed e-con e-parent\" data-id=\"a4b58dd\" data-element_type=\"container\">\n\t\t\t\t\t<div class=\"e-con-inner\">\n\t\t<div class=\"elementor-element elementor-element-92007a1 e-con-full e-flex e-con e-child\" data-id=\"92007a1\" data-element_type=\"container\">\n\t\t<div class=\"elementor-element elementor-element-fa0f3ff e-con-full e-flex e-con e-child\" data-id=\"fa0f3ff\" data-element_type=\"container\">\n\t\t\t\t<div class=\"elementor-element elementor-element-971e61f elementor-widget elementor-widget-heading\" data-id=\"971e61f\" data-element_type=\"widget\" data-widget_type=\"heading.default\">\n\t\t\t\t<div class=\"elementor-widget-container\">\n\t\t\t\t\t<h2 class=\"elementor-heading-title elementor-size-default\">Fisherman Emin\u00f6n\u00fc<\/h2>\t\t\t\t<\/div>\n\t\t\t\t<\/div>\n\t\t\t\t<div class=\"elementor-element elementor-element-4d4bf24 elementor-widget elementor-widget-heading\" data-id=\"4d4bf24\" data-element_type=\"widget\" data-widget_type=\"heading.default\">\n\t\t\t\t<div class=\"elementor-widget-container\">\n\t\t\t\t\t<h2 class=\"elementor-heading-title elementor-size-default\">In The Footsteps Of A Centuries-Old Tradition<\/h2>\t\t\t\t<\/div>\n\t\t\t\t<\/div>\n\t\t\t\t<div class=\"elementor-element elementor-element-3bce2bc elementor-widget-divider--view-line elementor-widget elementor-widget-divider\" data-id=\"3bce2bc\" data-element_type=\"widget\" data-widget_type=\"divider.default\">\n\t\t\t\t<div class=\"elementor-widget-container\">\n\t\t\t\t\t\t\t<div class=\"elementor-divider\">\n\t\t\t<span class=\"elementor-divider-separator\">\n\t\t\t\t\t\t<\/span>\n\t\t<\/div>\n\t\t\t\t\t\t<\/div>\n\t\t\t\t<\/div>\n\t\t\t\t<div class=\"elementor-element elementor-element-88e41bf elementor-widget__width-initial elementor-widget-mobile__width-inherit elementor-widget elementor-widget-text-editor\" data-id=\"88e41bf\" data-element_type=\"widget\" data-widget_type=\"text-editor.default\">\n\t\t\t\t<div class=\"elementor-widget-container\">\n\t\t\t\t\t\t\t\t\tThe age old of Emin\u00f6n\u00fc fish-bread that keeps alive the tradition of one of the points, as we take pride in welcoming our guests in the heart of the historical peninsula. It&#039;s not just our flavors taste, as we offer a cultural heritage passed from generation to generation.\t\t\t\t\t\t\t\t<\/div>\n\t\t\t\t<\/div>\n\t\t\t\t<\/div>\n\t\t\t\t<div class=\"elementor-element elementor-element-7545975 elementor-widget__width-initial elementor-widget-mobile__width-inherit elementor-widget elementor-widget-image\" data-id=\"7545975\" data-element_type=\"widget\" data-widget_type=\"image.default\">\n\t\t\t\t<div class=\"elementor-widget-container\">\n\t\t\t\t\t\t\t\t\t\t\t\t\t\t\t<img decoding=\"async\" width=\"864\" height=\"921\" src=\"https:\/\/eminonubalikekmek.com\/wp-content\/uploads\/tarihi-eminonu-balikcisi-tarih-ve-kultur-elciligimiz-1.jpg\" class=\"attachment-full size-full wp-image-674\" alt=\"\" srcset=\"https:\/\/eminonubalikekmek.com\/wp-content\/uploads\/tarihi-eminonu-balikcisi-tarih-ve-kultur-elciligimiz-1.jpg 864w, https:\/\/eminonubalikekmek.com\/wp-content\/uploads\/tarihi-eminonu-balikcisi-tarih-ve-kultur-elciligimiz-1-281x300.jpg 281w, https:\/\/eminonubalikekmek.com\/wp-content\/uploads\/tarihi-eminonu-balikcisi-tarih-ve-kultur-elciligimiz-1-768x819.jpg 768w\" sizes=\"(max-width: 864px) 100vw, 864px\" \/>\t\t\t\t\t\t\t\t\t\t\t\t\t\t\t<\/div>\n\t\t\t\t<\/div>\n\t\t\t\t<\/div>\n\t\t<div class=\"elementor-element elementor-element-49c474b e-con-full e-flex e-con e-child\" data-id=\"49c474b\" data-element_type=\"container\">\n\t\t\t\t<div class=\"elementor-element elementor-element-2577bd0 elementor-widget__width-initial elementor-widget-mobile__width-inherit elementor-widget elementor-widget-image\" data-id=\"2577bd0\" data-element_type=\"widget\" data-widget_type=\"image.default\">\n\t\t\t\t<div class=\"elementor-widget-container\">\n\t\t\t\t\t\t\t\t\t\t\t\t\t\t\t<img decoding=\"async\" width=\"864\" height=\"921\" src=\"https:\/\/eminonubalikekmek.com\/wp-content\/uploads\/tarihi-eminonu-balikcisi-tarih-ve-kultur-elciligimiz-2.jpg\" class=\"attachment-full size-full wp-image-675\" alt=\"\" srcset=\"https:\/\/eminonubalikekmek.com\/wp-content\/uploads\/tarihi-eminonu-balikcisi-tarih-ve-kultur-elciligimiz-2.jpg 864w, https:\/\/eminonubalikekmek.com\/wp-content\/uploads\/tarihi-eminonu-balikcisi-tarih-ve-kultur-elciligimiz-2-281x300.jpg 281w, https:\/\/eminonubalikekmek.com\/wp-content\/uploads\/tarihi-eminonu-balikcisi-tarih-ve-kultur-elciligimiz-2-768x819.jpg 768w\" sizes=\"(max-width: 864px) 100vw, 864px\" \/>\t\t\t\t\t\t\t\t\t\t\t\t\t\t\t<\/div>\n\t\t\t\t<\/div>\n\t\t<div class=\"elementor-element elementor-element-afc8be9 e-con-full e-flex e-con e-child\" data-id=\"afc8be9\" data-element_type=\"container\">\n\t\t\t\t<div class=\"elementor-element elementor-element-eb8dca1 elementor-widget elementor-widget-heading\" data-id=\"eb8dca1\" data-element_type=\"widget\" data-widget_type=\"heading.default\">\n\t\t\t\t<div class=\"elementor-widget-container\">\n\t\t\t\t\t<h2 class=\"elementor-heading-title elementor-size-default\">Fisherman Emin\u00f6n\u00fc<\/h2>\t\t\t\t<\/div>\n\t\t\t\t<\/div>\n\t\t\t\t<div class=\"elementor-element elementor-element-3c9564f elementor-widget elementor-widget-heading\" data-id=\"3c9564f\" data-element_type=\"widget\" data-widget_type=\"heading.default\">\n\t\t\t\t<div class=\"elementor-widget-container\">\n\t\t\t\t\t<h2 class=\"elementor-heading-title elementor-size-default\">A full experience of taste and culture in the throat<\/h2>\t\t\t\t<\/div>\n\t\t\t\t<\/div>\n\t\t\t\t<div class=\"elementor-element elementor-element-afe3b2f elementor-widget-divider--view-line elementor-widget elementor-widget-divider\" data-id=\"afe3b2f\" data-element_type=\"widget\" data-widget_type=\"divider.default\">\n\t\t\t\t<div class=\"elementor-widget-container\">\n\t\t\t\t\t\t\t<div class=\"elementor-divider\">\n\t\t\t<span class=\"elementor-divider-separator\">\n\t\t\t\t\t\t<\/span>\n\t\t<\/div>\n\t\t\t\t\t\t<\/div>\n\t\t\t\t<\/div>\n\t\t\t\t<div class=\"elementor-element elementor-element-9109880 elementor-widget__width-initial elementor-widget-mobile__width-inherit elementor-widget elementor-widget-text-editor\" data-id=\"9109880\" data-element_type=\"widget\" data-widget_type=\"text-editor.default\">\n\t\t\t\t<div class=\"elementor-widget-container\">\n\t\t\t\t\t\t\t\t\tEvery year thousands of foreign and domestic tourists, both the enjoyment of Fish and bread, but also in the boat with the warm hospitality of Istanbul are experiencing. This unique journey from galat Tower, the Spice Bazaar, the city&#039;s history and culture offers you the opportunity to meet.\t\t\t\t\t\t\t\t<\/div>\n\t\t\t\t<\/div>\n\t\t\t\t<\/div>\n\t\t\t\t<\/div>\n\t\t<div class=\"elementor-element elementor-element-386e797 e-con-full e-flex e-con e-child\" data-id=\"386e797\" data-element_type=\"container\">\n\t\t<div class=\"elementor-element elementor-element-592bc12 e-con-full e-flex e-con e-child\" data-id=\"592bc12\" data-element_type=\"container\">\n\t\t\t\t<div class=\"elementor-element elementor-element-e2cc3b0 elementor-widget elementor-widget-heading\" data-id=\"e2cc3b0\" data-element_type=\"widget\" data-widget_type=\"heading.default\">\n\t\t\t\t<div class=\"elementor-widget-container\">\n\t\t\t\t\t<h2 class=\"elementor-heading-title elementor-size-default\">Fisherman Emin\u00f6n\u00fc<\/h2>\t\t\t\t<\/div>\n\t\t\t\t<\/div>\n\t\t\t\t<div class=\"elementor-element elementor-element-519793d elementor-widget elementor-widget-heading\" data-id=\"519793d\" data-element_type=\"widget\" data-widget_type=\"heading.default\">\n\t\t\t\t<div class=\"elementor-widget-container\">\n\t\t\t\t\t<h2 class=\"elementor-heading-title elementor-size-default\">Cultural Heritage Is A Mission That Carries Into The Future<\/h2>\t\t\t\t<\/div>\n\t\t\t\t<\/div>\n\t\t\t\t<div class=\"elementor-element elementor-element-9a089e5 elementor-widget-divider--view-line elementor-widget elementor-widget-divider\" data-id=\"9a089e5\" data-element_type=\"widget\" data-widget_type=\"divider.default\">\n\t\t\t\t<div class=\"elementor-widget-container\">\n\t\t\t\t\t\t\t<div class=\"elementor-divider\">\n\t\t\t<span class=\"elementor-divider-separator\">\n\t\t\t\t\t\t<\/span>\n\t\t<\/div>\n\t\t\t\t\t\t<\/div>\n\t\t\t\t<\/div>\n\t\t\t\t<div class=\"elementor-element elementor-element-723cfb7 elementor-widget__width-initial elementor-widget-mobile__width-inherit elementor-widget elementor-widget-text-editor\" data-id=\"723cfb7\" data-element_type=\"widget\" data-widget_type=\"text-editor.default\">\n\t\t\t\t<div class=\"elementor-widget-container\">\n\t\t\t\t\t\t\t\t\tAs cultural ambassadors of the historical peninsula, the mission we have to carry our values into the future. We continue to create unforgettable memories of our local flavors by combining with an international experience. We work with Turkey to introduce to the world the excitement of this important value.\t\t\t\t\t\t\t\t<\/div>\n\t\t\t\t<\/div>\n\t\t\t\t<\/div>\n\t\t\t\t<div class=\"elementor-element elementor-element-be0c620 elementor-widget__width-initial elementor-widget-mobile__width-inherit elementor-widget elementor-widget-image\" data-id=\"be0c620\" data-element_type=\"widget\" data-widget_type=\"image.default\">\n\t\t\t\t<div class=\"elementor-widget-container\">\n\t\t\t\t\t\t\t\t\t\t\t\t\t\t\t<img decoding=\"async\" width=\"864\" height=\"921\" src=\"https:\/\/eminonubalikekmek.com\/wp-content\/uploads\/tarihi-eminonu-balikcisi-tarih-ve-kultur-elciligimiz-3.jpg\" class=\"attachment-full size-full wp-image-676\" alt=\"\" srcset=\"https:\/\/eminonubalikekmek.com\/wp-content\/uploads\/tarihi-eminonu-balikcisi-tarih-ve-kultur-elciligimiz-3.jpg 864w, https:\/\/eminonubalikekmek.com\/wp-content\/uploads\/tarihi-eminonu-balikcisi-tarih-ve-kultur-elciligimiz-3-281x300.jpg 281w, https:\/\/eminonubalikekmek.com\/wp-content\/uploads\/tarihi-eminonu-balikcisi-tarih-ve-kultur-elciligimiz-3-768x819.jpg 768w\" sizes=\"(max-width: 864px) 100vw, 864px\" \/>\t\t\t\t\t\t\t\t\t\t\t\t\t\t\t<\/div>\n\t\t\t\t<\/div>\n\t\t\t\t<\/div>\n\t\t\t\t\t<\/div>\n\t\t\t\t<\/div>\n\t\t\t\t<\/div>","protected":false},"excerpt":{"rendered":"<p>Emin\u00f6n\u00fc Bal\u0131k\u00e7\u0131s\u0131 As\u0131rl\u0131k Bir Gelene\u011fin \u0130zinde Emin\u00f6n\u00fc\u2019n\u00fcn as\u0131rl\u0131k bal\u0131k-ekmek gelene\u011fini ya\u015fatan noktalardan biri olarak, Tarihi Yar\u0131mada\u2019n\u0131n kalbinde misafirlerimizi a\u011f\u0131rlaman\u0131n gururunu ya\u015f\u0131yoruz. Lezzetlerimizi sadece tat de\u011fil, nesilden nesile aktar\u0131lan bir k\u00fclt\u00fcr miras\u0131 olarak sunuyoruz. Emin\u00f6n\u00fc Bal\u0131k\u00e7\u0131s\u0131 Bo\u011fazda Lezzet ve K\u00fclt\u00fcrle Dolu Bir Deneyim Her y\u0131l binlerce yabanc\u0131 ve yerli turist, hem bal\u0131k-ekmek keyfi hem de \u0130stanbul\u2019un [&hellip;]<\/p>","protected":false},"author":1,"featured_media":0,"parent":0,"menu_order":0,"comment_status":"closed","ping_status":"closed","template":"","meta":{"_acf_changed":false,"footnotes":""},"class_list":["post-22","page","type-page","status-publish","hentry"],"acf":[],"_links":{"self":[{"href":"https:\/\/eminonubalikekmek.com\/en\/wp-json\/wp\/v2\/pages\/22","targetHints":{"allow":["GET"]}}],"collection":[{"href":"https:\/\/eminonubalikekmek.com\/en\/wp-json\/wp\/v2\/pages"}],"about":[{"href":"https:\/\/eminonubalikekmek.com\/en\/wp-json\/wp\/v2\/types\/page"}],"author":[{"embeddable":true,"href":"https:\/\/eminonubalikekmek.com\/en\/wp-json\/wp\/v2\/users\/1"}],"replies":[{"embeddable":true,"href":"https:\/\/eminonubalikekmek.com\/en\/wp-json\/wp\/v2\/comments?post=22"}],"version-history":[{"count":17,"href":"https:\/\/eminonubalikekmek.com\/en\/wp-json\/wp\/v2\/pages\/22\/revisions"}],"predecessor-version":[{"id":984,"href":"https:\/\/eminonubalikekmek.com\/en\/wp-json\/wp\/v2\/pages\/22\/revisions\/984"}],"wp:attachment":[{"href":"https:\/\/eminonubalikekmek.com\/en\/wp-json\/wp\/v2\/media?parent=22"}],"curies":[{"name":"wp","href":"https:\/\/api.w.org\/{rel}","templated":true}]}}