{"id":20,"date":"2024-12-02T16:23:57","date_gmt":"2024-12-02T16:23:57","guid":{"rendered":"https:\/\/eminonu.yeniproje.dev\/?page_id=20"},"modified":"2025-02-04T17:27:00","modified_gmt":"2025-02-04T17:27:00","slug":"organizasyon","status":"publish","type":"page","link":"https:\/\/eminonubalikekmek.com\/en\/organizasyon\/","title":{"rendered":"Organization"},"content":{"rendered":"<div data-elementor-type=\"wp-page\" data-elementor-id=\"20\" class=\"elementor elementor-20\" data-elementor-post-type=\"page\">\n\t\t\t\t<div class=\"elementor-element elementor-element-07f4b87 e-flex e-con-boxed e-con e-parent\" data-id=\"07f4b87\" data-element_type=\"container\" data-settings=\"{&quot;background_background&quot;:&quot;gradient&quot;}\">\n\t\t\t\t\t<div class=\"e-con-inner\">\n\t\t\t\t\t<\/div>\n\t\t\t\t<\/div>\n\t\t<div class=\"elementor-element elementor-element-0876d5c e-flex e-con-boxed e-con e-parent\" data-id=\"0876d5c\" data-element_type=\"container\">\n\t\t\t\t\t<div class=\"e-con-inner\">\n\t\t<div class=\"elementor-element elementor-element-a05ba15 e-con-full e-flex e-con e-child\" data-id=\"a05ba15\" data-element_type=\"container\">\n\t\t\t\t<div class=\"elementor-element elementor-element-0992e26 elementor-widget elementor-widget-text-editor\" data-id=\"0992e26\" data-element_type=\"widget\" data-widget_type=\"text-editor.default\">\n\t\t\t\t<div class=\"elementor-widget-container\">\n\t\t\t\t\t\t\t\t\t<p><span style=\"font-weight: 400;\">Starting our journey at Eminonu flavor, we offer services in all over Turkey by moving beyond the Strait of! Wanna enjoy stunning views over or bread of your choice in any venue we are organizing organizations unforgettable fish. Special occasions, corporate events, public institutions, private companies, organizations and public occasions, for special services to you by providing every detail is carefully we plan to completely.<\/span><\/p><p><span style=\"font-weight: 400;\">Tour boats in the pleasures of the sea, combined with our organization, our flexible options with any of the flavor that we set in place to the point where we are. Public institutions, companies and organizations with experience and professionalism gained many prestigious projects we have realized, we have the greatest power to make your events unforgettable. Safety of our team who completed their training, we keep quality always in the forefront.<\/span><\/p><p><span style=\"font-weight: 400;\">Please contact us for this experience which has spread to every corner of Turkey from the throat; flavor to your events, pleasure, privilege and prestige of the layer discover!<\/span><\/p>\t\t\t\t\t\t\t\t<\/div>\n\t\t\t\t<\/div>\n\t\t\t\t<\/div>\n\t\t\t\t\t<\/div>\n\t\t\t\t<\/div>\n\t\t\t\t<\/div>","protected":false},"excerpt":{"rendered":"<p>Emin\u00f6n\u00fc\u2019nde ba\u015flayan lezzet yolculu\u011fumuzu, Bo\u011faz\u2019\u0131n \u00f6tesine ta\u015f\u0131yarak T\u00fcrkiye\u2019nin d\u00f6rt bir yan\u0131nda hizmet sunuyoruz! \u0130ster b\u00fcy\u00fcleyici Bo\u011faz manzaras\u0131 e\u015fli\u011finde, ister se\u00e7ti\u011finiz herhangi bir mek\u00e2nda, unutulmaz bal\u0131k ekmek organizasyonlar\u0131 d\u00fczenliyoruz. \u00d6zel g\u00fcnler, kurumsal etkinlikler, kamu kurumlar\u0131, \u00f6zel \u015firket organizasyonlar\u0131 ve toplu davetler i\u00e7in tamamen size \u00f6zel hizmetler sunarak her detay\u0131 \u00f6zenle planl\u0131yoruz. Tur teknelerinde deniz keyfiyle birle\u015fen [&hellip;]<\/p>","protected":false},"author":1,"featured_media":0,"parent":0,"menu_order":0,"comment_status":"closed","ping_status":"closed","template":"","meta":{"_acf_changed":false,"footnotes":""},"class_list":["post-20","page","type-page","status-publish","hentry"],"acf":[],"_links":{"self":[{"href":"https:\/\/eminonubalikekmek.com\/en\/wp-json\/wp\/v2\/pages\/20","targetHints":{"allow":["GET"]}}],"collection":[{"href":"https:\/\/eminonubalikekmek.com\/en\/wp-json\/wp\/v2\/pages"}],"about":[{"href":"https:\/\/eminonubalikekmek.com\/en\/wp-json\/wp\/v2\/types\/page"}],"author":[{"embeddable":true,"href":"https:\/\/eminonubalikekmek.com\/en\/wp-json\/wp\/v2\/users\/1"}],"replies":[{"embeddable":true,"href":"https:\/\/eminonubalikekmek.com\/en\/wp-json\/wp\/v2\/comments?post=20"}],"version-history":[{"count":8,"href":"https:\/\/eminonubalikekmek.com\/en\/wp-json\/wp\/v2\/pages\/20\/revisions"}],"predecessor-version":[{"id":982,"href":"https:\/\/eminonubalikekmek.com\/en\/wp-json\/wp\/v2\/pages\/20\/revisions\/982"}],"wp:attachment":[{"href":"https:\/\/eminonubalikekmek.com\/en\/wp-json\/wp\/v2\/media?parent=20"}],"curies":[{"name":"wp","href":"https:\/\/api.w.org\/{rel}","templated":true}]}}