{"id":18,"date":"2024-12-02T16:23:50","date_gmt":"2024-12-02T16:23:50","guid":{"rendered":"https:\/\/eminonu.yeniproje.dev\/?page_id=18"},"modified":"2025-02-04T17:27:52","modified_gmt":"2025-02-04T17:27:52","slug":"sikca-sorulan-sorular","status":"publish","type":"page","link":"https:\/\/eminonubalikekmek.com\/en\/sikca-sorulan-sorular\/","title":{"rendered":"Frequently Asked Questions"},"content":{"rendered":"<div data-elementor-type=\"wp-page\" data-elementor-id=\"18\" class=\"elementor elementor-18\" data-elementor-post-type=\"page\">\n\t\t\t\t<div class=\"elementor-element elementor-element-19d0daf e-flex e-con-boxed e-con e-parent\" data-id=\"19d0daf\" data-element_type=\"container\" data-settings=\"{&quot;background_background&quot;:&quot;gradient&quot;}\">\n\t\t\t\t\t<div class=\"e-con-inner\">\n\t\t\t\t\t<\/div>\n\t\t\t\t<\/div>\n\t\t<div class=\"elementor-element elementor-element-0079804 e-flex e-con-boxed e-con e-parent\" data-id=\"0079804\" data-element_type=\"container\">\n\t\t\t\t\t<div class=\"e-con-inner\">\n\t\t\t\t<div class=\"elementor-element elementor-element-41e5676 elementor-widget elementor-widget-n-accordion\" data-id=\"41e5676\" data-element_type=\"widget\" data-settings=\"{&quot;default_state&quot;:&quot;all_collapsed&quot;,&quot;max_items_expended&quot;:&quot;one&quot;,&quot;n_accordion_animation_duration&quot;:{&quot;unit&quot;:&quot;ms&quot;,&quot;size&quot;:400,&quot;sizes&quot;:[]}}\" data-widget_type=\"nested-accordion.default\">\n\t\t\t\t<div class=\"elementor-widget-container\">\n\t\t\t\t\t\t\t<div class=\"e-n-accordion\" aria-label=\"Accordion. Open links with Enter or space bar, close it with the escape, and navigate with arrow keys\">\n\t\t\t\t\t\t<details id=\"e-n-accordion-item-6900\" class=\"e-n-accordion-item\" >\n\t\t\t\t<summary class=\"e-n-accordion-item-title\" data-accordion-index=\"1\" tabindex=\"0\" aria-expanded=\"false\" aria-controls=\"e-n-accordion-item-6900\" >\n\t\t\t\t\t<span class='e-n-accordion-item-title-header'><div class=\"e-n-accordion-item-title-text\"> Is your bread fish which fish species are you using? <\/div><\/span>\n\t\t\t\t\t\t\t<span class='e-n-accordion-item-title-icon'>\n\t\t\t<span class='e-opened' ><svg aria-hidden=\"true\" class=\"e-font-icon-svg e-fas-minus\" viewbox=\"0 0 448 512\" xmlns=\"http:\/\/www.w3.org\/2000\/svg\"><path d=\"M416 208H32c-17.67 0-32 14.33-32 32v32c0 17.67 14.33 32 32 32h384c17.67 0 32-14.33 32-32v-32c0-17.67-14.33-32-32-32z\"><\/path><\/svg><\/span>\n\t\t\t<span class='e-closed'><svg aria-hidden=\"true\" class=\"e-font-icon-svg e-fas-plus\" viewbox=\"0 0 448 512\" xmlns=\"http:\/\/www.w3.org\/2000\/svg\"><path d=\"M416 208H272V64c0-17.67-14.33-32-32-32h-32c-17.67 0-32 14.33-32 32v144H32c-17.67 0-32 14.33-32 32v32c0 17.67 14.33 32 32 32h144v144c0 17.67 14.33 32 32 32h32c17.67 0 32-14.33 32-32V304h144c17.67 0 32-14.33 32-32v-32c0-17.67-14.33-32-32-32z\"><\/path><\/svg><\/span>\n\t\t<\/span>\n\n\t\t\t\t\t\t<\/summary>\n\t\t\t\t<div role=\"region\" aria-labelledby=\"e-n-accordion-item-6900\" class=\"elementor-element elementor-element-1c03be5 e-con-full e-flex e-con e-child\" data-id=\"1c03be5\" data-element_type=\"container\">\n\t\t<div role=\"region\" aria-labelledby=\"e-n-accordion-item-6900\" class=\"elementor-element elementor-element-eac99db e-con-full e-flex e-con e-child\" data-id=\"eac99db\" data-element_type=\"container\">\n\t\t\t\t<div class=\"elementor-element elementor-element-cf75667 elementor-widget__width-inherit elementor-widget elementor-widget-text-editor\" data-id=\"cf75667\" data-element_type=\"widget\" data-widget_type=\"text-editor.default\">\n\t\t\t\t<div class=\"elementor-widget-container\">\n\t\t\t\t\t\t\t\t\tWe prefer our fish as mackerel.\t\t\t\t\t\t\t\t<\/div>\n\t\t\t\t<\/div>\n\t\t\t\t<\/div>\n\t\t\t\t<\/div>\n\t\t\t\t\t<\/details>\n\t\t\t\t\t\t<details id=\"e-n-accordion-item-6901\" class=\"e-n-accordion-item\" >\n\t\t\t\t<summary class=\"e-n-accordion-item-title\" data-accordion-index=\"2\" tabindex=\"-1\" aria-expanded=\"false\" aria-controls=\"e-n-accordion-item-6901\" >\n\t\t\t\t\t<span class='e-n-accordion-item-title-header'><div class=\"e-n-accordion-item-title-text\"> What are your standards of hygiene? <\/div><\/span>\n\t\t\t\t\t\t\t<span class='e-n-accordion-item-title-icon'>\n\t\t\t<span class='e-opened' ><svg aria-hidden=\"true\" class=\"e-font-icon-svg e-fas-minus\" viewbox=\"0 0 448 512\" xmlns=\"http:\/\/www.w3.org\/2000\/svg\"><path d=\"M416 208H32c-17.67 0-32 14.33-32 32v32c0 17.67 14.33 32 32 32h384c17.67 0 32-14.33 32-32v-32c0-17.67-14.33-32-32-32z\"><\/path><\/svg><\/span>\n\t\t\t<span class='e-closed'><svg aria-hidden=\"true\" class=\"e-font-icon-svg e-fas-plus\" viewbox=\"0 0 448 512\" xmlns=\"http:\/\/www.w3.org\/2000\/svg\"><path d=\"M416 208H272V64c0-17.67-14.33-32-32-32h-32c-17.67 0-32 14.33-32 32v144H32c-17.67 0-32 14.33-32 32v32c0 17.67 14.33 32 32 32h144v144c0 17.67 14.33 32 32 32h32c17.67 0 32-14.33 32-32V304h144c17.67 0 32-14.33 32-32v-32c0-17.67-14.33-32-32-32z\"><\/path><\/svg><\/span>\n\t\t<\/span>\n\n\t\t\t\t\t\t<\/summary>\n\t\t\t\t<div role=\"region\" aria-labelledby=\"e-n-accordion-item-6901\" class=\"elementor-element elementor-element-36a0e4c e-con-full e-flex e-con e-child\" data-id=\"36a0e4c\" data-element_type=\"container\">\n\t\t<div role=\"region\" aria-labelledby=\"e-n-accordion-item-6901\" class=\"elementor-element elementor-element-f0551bc e-con-full e-flex e-con e-child\" data-id=\"f0551bc\" data-element_type=\"container\">\n\t\t\t\t<div class=\"elementor-element elementor-element-25f361c elementor-widget elementor-widget-text-editor\" data-id=\"25f361c\" data-element_type=\"widget\" data-widget_type=\"text-editor.default\">\n\t\t\t\t<div class=\"elementor-widget-container\">\n\t\t\t\t\t\t\t\t\tIn line with our hygiene standards and safety training all our staff regularly receives migrated from an examination of access varies across the country. Our products are prepared with fresh ingredients and preparation processes shall be followed scrupulously in the hygiene rules and our international.\t\t\t\t\t\t\t\t<\/div>\n\t\t\t\t<\/div>\n\t\t\t\t<\/div>\n\t\t\t\t<\/div>\n\t\t\t\t\t<\/details>\n\t\t\t\t\t\t<details id=\"e-n-accordion-item-6902\" class=\"e-n-accordion-item\" >\n\t\t\t\t<summary class=\"e-n-accordion-item-title\" data-accordion-index=\"3\" tabindex=\"-1\" aria-expanded=\"false\" aria-controls=\"e-n-accordion-item-6902\" >\n\t\t\t\t\t<span class='e-n-accordion-item-title-header'><div class=\"e-n-accordion-item-title-text\"> How do you ensure the freshness of the ingredients used? <\/div><\/span>\n\t\t\t\t\t\t\t<span class='e-n-accordion-item-title-icon'>\n\t\t\t<span class='e-opened' ><svg aria-hidden=\"true\" class=\"e-font-icon-svg e-fas-minus\" viewbox=\"0 0 448 512\" xmlns=\"http:\/\/www.w3.org\/2000\/svg\"><path d=\"M416 208H32c-17.67 0-32 14.33-32 32v32c0 17.67 14.33 32 32 32h384c17.67 0 32-14.33 32-32v-32c0-17.67-14.33-32-32-32z\"><\/path><\/svg><\/span>\n\t\t\t<span class='e-closed'><svg aria-hidden=\"true\" class=\"e-font-icon-svg e-fas-plus\" viewbox=\"0 0 448 512\" xmlns=\"http:\/\/www.w3.org\/2000\/svg\"><path d=\"M416 208H272V64c0-17.67-14.33-32-32-32h-32c-17.67 0-32 14.33-32 32v144H32c-17.67 0-32 14.33-32 32v32c0 17.67 14.33 32 32 32h144v144c0 17.67 14.33 32 32 32h32c17.67 0 32-14.33 32-32V304h144c17.67 0 32-14.33 32-32v-32c0-17.67-14.33-32-32-32z\"><\/path><\/svg><\/span>\n\t\t<\/span>\n\n\t\t\t\t\t\t<\/summary>\n\t\t\t\t<div role=\"region\" aria-labelledby=\"e-n-accordion-item-6902\" class=\"elementor-element elementor-element-4cd3205 e-con-full e-flex e-con e-child\" data-id=\"4cd3205\" data-element_type=\"container\">\n\t\t<div role=\"region\" aria-labelledby=\"e-n-accordion-item-6902\" class=\"elementor-element elementor-element-fe6ac5c e-con-full e-flex e-con e-child\" data-id=\"fe6ac5c\" data-element_type=\"container\">\n\t\t\t\t<div class=\"elementor-element elementor-element-74a75d8 elementor-widget elementor-widget-text-editor\" data-id=\"74a75d8\" data-element_type=\"widget\" data-widget_type=\"text-editor.default\">\n\t\t\t\t<div class=\"elementor-widget-container\">\n\t\t\t\t\t\t\t\t\tThe freshness of the ingredients we use on a daily basis by making procured from the reliable and certified vendors we provide. Carefully chosen every day, and our fish shall be kept under proper storage conditions, the preservation of the cold chain takes great care to meticulously in the entire procurement process. Always fresh and other materials are prepared in accordance with our high quality standards.\t\t\t\t\t\t\t\t<\/div>\n\t\t\t\t<\/div>\n\t\t\t\t<\/div>\n\t\t\t\t<\/div>\n\t\t\t\t\t<\/details>\n\t\t\t\t\t\t<details id=\"e-n-accordion-item-6903\" class=\"e-n-accordion-item\" >\n\t\t\t\t<summary class=\"e-n-accordion-item-title\" data-accordion-index=\"4\" tabindex=\"-1\" aria-expanded=\"false\" aria-controls=\"e-n-accordion-item-6903\" >\n\t\t\t\t\t<span class='e-n-accordion-item-title-header'><div class=\"e-n-accordion-item-title-text\"> School trips, or for group bookings of facilities do you offer? <\/div><\/span>\n\t\t\t\t\t\t\t<span class='e-n-accordion-item-title-icon'>\n\t\t\t<span class='e-opened' ><svg aria-hidden=\"true\" class=\"e-font-icon-svg e-fas-minus\" viewbox=\"0 0 448 512\" xmlns=\"http:\/\/www.w3.org\/2000\/svg\"><path d=\"M416 208H32c-17.67 0-32 14.33-32 32v32c0 17.67 14.33 32 32 32h384c17.67 0 32-14.33 32-32v-32c0-17.67-14.33-32-32-32z\"><\/path><\/svg><\/span>\n\t\t\t<span class='e-closed'><svg aria-hidden=\"true\" class=\"e-font-icon-svg e-fas-plus\" viewbox=\"0 0 448 512\" xmlns=\"http:\/\/www.w3.org\/2000\/svg\"><path d=\"M416 208H272V64c0-17.67-14.33-32-32-32h-32c-17.67 0-32 14.33-32 32v144H32c-17.67 0-32 14.33-32 32v32c0 17.67 14.33 32 32 32h144v144c0 17.67 14.33 32 32 32h32c17.67 0 32-14.33 32-32V304h144c17.67 0 32-14.33 32-32v-32c0-17.67-14.33-32-32-32z\"><\/path><\/svg><\/span>\n\t\t<\/span>\n\n\t\t\t\t\t\t<\/summary>\n\t\t\t\t<div role=\"region\" aria-labelledby=\"e-n-accordion-item-6903\" class=\"elementor-element elementor-element-14081f2 e-con-full e-flex e-con e-child\" data-id=\"14081f2\" data-element_type=\"container\">\n\t\t<div role=\"region\" aria-labelledby=\"e-n-accordion-item-6903\" class=\"elementor-element elementor-element-31807f7 e-con-full e-flex e-con e-child\" data-id=\"31807f7\" data-element_type=\"container\">\n\t\t\t\t<div class=\"elementor-element elementor-element-c0dd1bc elementor-widget elementor-widget-text-editor\" data-id=\"c0dd1bc\" data-element_type=\"widget\" data-widget_type=\"text-editor.default\">\n\t\t\t\t<div class=\"elementor-widget-container\">\n\t\t\t\t\t\t\t\t\tSchool trips and special menus for group bookings, pre-planned offer conveniences such as seating and quick service. Also, the type of organization with activities such as throat all the necessary for an enjoyable experience we can provide. The group discounted price according to the number of options are also available.\t\t\t\t\t\t\t\t<\/div>\n\t\t\t\t<\/div>\n\t\t\t\t<\/div>\n\t\t\t\t<\/div>\n\t\t\t\t\t<\/details>\n\t\t\t\t\t\t<details id=\"e-n-accordion-item-6904\" class=\"e-n-accordion-item\" >\n\t\t\t\t<summary class=\"e-n-accordion-item-title\" data-accordion-index=\"5\" tabindex=\"-1\" aria-expanded=\"false\" aria-controls=\"e-n-accordion-item-6904\" >\n\t\t\t\t\t<span class='e-n-accordion-item-title-header'><div class=\"e-n-accordion-item-title-text\"> In bad weather conditions, Rain or service do you offer? <\/div><\/span>\n\t\t\t\t\t\t\t<span class='e-n-accordion-item-title-icon'>\n\t\t\t<span class='e-opened' ><svg aria-hidden=\"true\" class=\"e-font-icon-svg e-fas-minus\" viewbox=\"0 0 448 512\" xmlns=\"http:\/\/www.w3.org\/2000\/svg\"><path d=\"M416 208H32c-17.67 0-32 14.33-32 32v32c0 17.67 14.33 32 32 32h384c17.67 0 32-14.33 32-32v-32c0-17.67-14.33-32-32-32z\"><\/path><\/svg><\/span>\n\t\t\t<span class='e-closed'><svg aria-hidden=\"true\" class=\"e-font-icon-svg e-fas-plus\" viewbox=\"0 0 448 512\" xmlns=\"http:\/\/www.w3.org\/2000\/svg\"><path d=\"M416 208H272V64c0-17.67-14.33-32-32-32h-32c-17.67 0-32 14.33-32 32v144H32c-17.67 0-32 14.33-32 32v32c0 17.67 14.33 32 32 32h144v144c0 17.67 14.33 32 32 32h32c17.67 0 32-14.33 32-32V304h144c17.67 0 32-14.33 32-32v-32c0-17.67-14.33-32-32-32z\"><\/path><\/svg><\/span>\n\t\t<\/span>\n\n\t\t\t\t\t\t<\/summary>\n\t\t\t\t<div role=\"region\" aria-labelledby=\"e-n-accordion-item-6904\" class=\"elementor-element elementor-element-067a73e e-con-full e-flex e-con e-child\" data-id=\"067a73e\" data-element_type=\"container\">\n\t\t<div role=\"region\" aria-labelledby=\"e-n-accordion-item-6904\" class=\"elementor-element elementor-element-6e09c83 e-con-full e-flex e-con e-child\" data-id=\"6e09c83\" data-element_type=\"container\">\n\t\t\t\t<div class=\"elementor-element elementor-element-e3b59b1 elementor-widget elementor-widget-text-editor\" data-id=\"e3b59b1\" data-element_type=\"widget\" data-widget_type=\"text-editor.default\">\n\t\t\t\t<div class=\"elementor-widget-container\">\n\t\t\t\t\t\t\t\t\tYes, we continue to provide in the rain or bad weather conditions. Thanks to our guests the comfort of our boat, and off we sheltered seating area are provided in all conditions.\t\t\t\t\t\t\t\t<\/div>\n\t\t\t\t<\/div>\n\t\t\t\t<\/div>\n\t\t\t\t<\/div>\n\t\t\t\t\t<\/details>\n\t\t\t\t\t\t<details id=\"e-n-accordion-item-6905\" class=\"e-n-accordion-item\" >\n\t\t\t\t<summary class=\"e-n-accordion-item-title\" data-accordion-index=\"6\" tabindex=\"-1\" aria-expanded=\"false\" aria-controls=\"e-n-accordion-item-6905\" >\n\t\t\t\t\t<span class='e-n-accordion-item-title-header'><div class=\"e-n-accordion-item-title-text\"> What are your social media accounts? <\/div><\/span>\n\t\t\t\t\t\t\t<span class='e-n-accordion-item-title-icon'>\n\t\t\t<span class='e-opened' ><svg aria-hidden=\"true\" class=\"e-font-icon-svg e-fas-minus\" viewbox=\"0 0 448 512\" xmlns=\"http:\/\/www.w3.org\/2000\/svg\"><path d=\"M416 208H32c-17.67 0-32 14.33-32 32v32c0 17.67 14.33 32 32 32h384c17.67 0 32-14.33 32-32v-32c0-17.67-14.33-32-32-32z\"><\/path><\/svg><\/span>\n\t\t\t<span class='e-closed'><svg aria-hidden=\"true\" class=\"e-font-icon-svg e-fas-plus\" viewbox=\"0 0 448 512\" xmlns=\"http:\/\/www.w3.org\/2000\/svg\"><path d=\"M416 208H272V64c0-17.67-14.33-32-32-32h-32c-17.67 0-32 14.33-32 32v144H32c-17.67 0-32 14.33-32 32v32c0 17.67 14.33 32 32 32h144v144c0 17.67 14.33 32 32 32h32c17.67 0 32-14.33 32-32V304h144c17.67 0 32-14.33 32-32v-32c0-17.67-14.33-32-32-32z\"><\/path><\/svg><\/span>\n\t\t<\/span>\n\n\t\t\t\t\t\t<\/summary>\n\t\t\t\t<div role=\"region\" aria-labelledby=\"e-n-accordion-item-6905\" class=\"elementor-element elementor-element-68e64ec e-con-full e-flex e-con e-child\" data-id=\"68e64ec\" data-element_type=\"container\">\n\t\t<div role=\"region\" aria-labelledby=\"e-n-accordion-item-6905\" class=\"elementor-element elementor-element-0251950 e-con-full e-flex e-con e-child\" data-id=\"0251950\" data-element_type=\"container\">\n\t\t\t\t<div class=\"elementor-element elementor-element-134306f elementor-widget elementor-widget-text-editor\" data-id=\"134306f\" data-element_type=\"widget\" data-widget_type=\"text-editor.default\">\n\t\t\t\t<div class=\"elementor-widget-container\">\n\t\t\t\t\t\t\t\t\t<p><strong>Instagram:<\/strong> @EminonuBalikEkmek<br \/><strong>Facebook:<\/strong> Fish Bread In Emin\u00f6n\u00fc<br \/><strong>Twitter:<\/strong> @eminonubalik<\/p>\t\t\t\t\t\t\t\t<\/div>\n\t\t\t\t<\/div>\n\t\t\t\t<\/div>\n\t\t\t\t<\/div>\n\t\t\t\t\t<\/details>\n\t\t\t\t\t\t<details id=\"e-n-accordion-item-6906\" class=\"e-n-accordion-item\" >\n\t\t\t\t<summary class=\"e-n-accordion-item-title\" data-accordion-index=\"7\" tabindex=\"-1\" aria-expanded=\"false\" aria-controls=\"e-n-accordion-item-6906\" >\n\t\t\t\t\t<span class='e-n-accordion-item-title-header'><div class=\"e-n-accordion-item-title-text\"> Fish bread of the Emin\u00f6n\u00fc what is the date? <\/div><\/span>\n\t\t\t\t\t\t\t<span class='e-n-accordion-item-title-icon'>\n\t\t\t<span class='e-opened' ><svg aria-hidden=\"true\" class=\"e-font-icon-svg e-fas-minus\" viewbox=\"0 0 448 512\" xmlns=\"http:\/\/www.w3.org\/2000\/svg\"><path d=\"M416 208H32c-17.67 0-32 14.33-32 32v32c0 17.67 14.33 32 32 32h384c17.67 0 32-14.33 32-32v-32c0-17.67-14.33-32-32-32z\"><\/path><\/svg><\/span>\n\t\t\t<span class='e-closed'><svg aria-hidden=\"true\" class=\"e-font-icon-svg e-fas-plus\" viewbox=\"0 0 448 512\" xmlns=\"http:\/\/www.w3.org\/2000\/svg\"><path d=\"M416 208H272V64c0-17.67-14.33-32-32-32h-32c-17.67 0-32 14.33-32 32v144H32c-17.67 0-32 14.33-32 32v32c0 17.67 14.33 32 32 32h144v144c0 17.67 14.33 32 32 32h32c17.67 0 32-14.33 32-32V304h144c17.67 0 32-14.33 32-32v-32c0-17.67-14.33-32-32-32z\"><\/path><\/svg><\/span>\n\t\t<\/span>\n\n\t\t\t\t\t\t<\/summary>\n\t\t\t\t<div role=\"region\" aria-labelledby=\"e-n-accordion-item-6906\" class=\"elementor-element elementor-element-a54140b e-con-full e-flex e-con e-child\" data-id=\"a54140b\" data-element_type=\"container\">\n\t\t<div role=\"region\" aria-labelledby=\"e-n-accordion-item-6906\" class=\"elementor-element elementor-element-877ba62 e-con-full e-flex e-con e-child\" data-id=\"877ba62\" data-element_type=\"container\">\n\t\t\t\t<div class=\"elementor-element elementor-element-5647b6e elementor-widget elementor-widget-text-editor\" data-id=\"5647b6e\" data-element_type=\"widget\" data-widget_type=\"text-editor.default\">\n\t\t\t\t<div class=\"elementor-widget-container\">\n\t\t\t\t\t\t\t\t\tMy story, which started in the last quarter of the 1800s, from the same families, transferred from generations to generations and continued generation to generation, which runs from this story, it continues by traditional and modernizing itself.\t\t\t\t\t\t\t\t<\/div>\n\t\t\t\t<\/div>\n\t\t\t\t<\/div>\n\t\t\t\t<\/div>\n\t\t\t\t\t<\/details>\n\t\t\t\t\t\t<details id=\"e-n-accordion-item-6907\" class=\"e-n-accordion-item\" >\n\t\t\t\t<summary class=\"e-n-accordion-item-title\" data-accordion-index=\"8\" tabindex=\"-1\" aria-expanded=\"false\" aria-controls=\"e-n-accordion-item-6907\" >\n\t\t\t\t\t<span class='e-n-accordion-item-title-header'><div class=\"e-n-accordion-item-title-text\"> Mackerel fish bread to use what is the reason? <\/div><\/span>\n\t\t\t\t\t\t\t<span class='e-n-accordion-item-title-icon'>\n\t\t\t<span class='e-opened' ><svg aria-hidden=\"true\" class=\"e-font-icon-svg e-fas-minus\" viewbox=\"0 0 448 512\" xmlns=\"http:\/\/www.w3.org\/2000\/svg\"><path d=\"M416 208H32c-17.67 0-32 14.33-32 32v32c0 17.67 14.33 32 32 32h384c17.67 0 32-14.33 32-32v-32c0-17.67-14.33-32-32-32z\"><\/path><\/svg><\/span>\n\t\t\t<span class='e-closed'><svg aria-hidden=\"true\" class=\"e-font-icon-svg e-fas-plus\" viewbox=\"0 0 448 512\" xmlns=\"http:\/\/www.w3.org\/2000\/svg\"><path d=\"M416 208H272V64c0-17.67-14.33-32-32-32h-32c-17.67 0-32 14.33-32 32v144H32c-17.67 0-32 14.33-32 32v32c0 17.67 14.33 32 32 32h144v144c0 17.67 14.33 32 32 32h32c17.67 0 32-14.33 32-32V304h144c17.67 0 32-14.33 32-32v-32c0-17.67-14.33-32-32-32z\"><\/path><\/svg><\/span>\n\t\t<\/span>\n\n\t\t\t\t\t\t<\/summary>\n\t\t\t\t<div role=\"region\" aria-labelledby=\"e-n-accordion-item-6907\" class=\"elementor-element elementor-element-b20f0f1 e-con-full e-flex e-con e-child\" data-id=\"b20f0f1\" data-element_type=\"container\">\n\t\t<div role=\"region\" aria-labelledby=\"e-n-accordion-item-6907\" class=\"elementor-element elementor-element-db6aaa4 e-con-full e-flex e-con e-child\" data-id=\"db6aaa4\" data-element_type=\"container\">\n\t\t\t\t<div class=\"elementor-element elementor-element-ce4e254 elementor-widget elementor-widget-text-editor\" data-id=\"ce4e254\" data-element_type=\"widget\" data-widget_type=\"text-editor.default\">\n\t\t\t\t<div class=\"elementor-widget-container\">\n\t\t\t\t\t\t\t\t\t<p><strong>There are several reasons of this course;<\/strong><\/p><ol><li>Mackerel, cooked on the grill with a distinctive strong flavor structure and oily in between slight gains and a hearty but soft texture, the bread from drying out and gives a smoky aroma.<\/li><li>Frequently our seas fish that can hunt you, because it is fresh as can be supplied.<\/li><li>Mackerel have omega-3 is rich in fatty acids, and this is why it is preferred for a healthy consumption.<\/li><li>In terms of vitamin and mineral content, vitamin D, B12, and contains the values of important nutrients such as phosphorus.<\/li><\/ol>\t\t\t\t\t\t\t\t<\/div>\n\t\t\t\t<\/div>\n\t\t\t\t<\/div>\n\t\t\t\t<\/div>\n\t\t\t\t\t<\/details>\n\t\t\t\t\t<\/div>\n\t\t\t\t\t<script type=\"application\/ld+json\">{\"@context\":\"https:\\\/\\\/schema.org\",\"@type\":\"FAQPage\",\"mainEntity\":[{\"@type\":\"Question\",\"name\":\"Bal\\u0131k ekmeklerinizde hangi bal\\u0131k t\\u00fcrlerini kullan\\u0131yorsunuz?\",\"acceptedAnswer\":{\"@type\":\"Answer\",\"text\":\"Bal\\u0131klar\\u0131m\\u0131z\\u0131 Uskumru bal\\u0131\\u011f\\u0131 olarak tercih ediyoruz.\"}},{\"@type\":\"Question\",\"name\":\"Hijyen standartlar\\u0131n\\u0131z neler?\",\"acceptedAnswer\":{\"@type\":\"Answer\",\"text\":\"Hijyen standartlar\\u0131m\\u0131z do\\u011frultusunda t\\u00fcm personelimiz d\\u00fczenli olarak port\\u00f6r muayenesinden ge\\u00e7irilmekte ve i\\u015f g\\u00fcvenli\\u011fi e\\u011fitimleri almaktad\\u0131r. \\u00dcr\\u00fcnlerimiz taze malzemelerle haz\\u0131rlan\\u0131r ve haz\\u0131rl\\u0131k s\\u00fcre\\u00e7lerimizde uluslararas\\u0131 hijyen kurallar\\u0131na titizlikle uyulur.\"}},{\"@type\":\"Question\",\"name\":\"Kullan\\u0131lan malzemelerin tazeli\\u011fini nas\\u0131l sa\\u011fl\\u0131yorsunuz?\",\"acceptedAnswer\":{\"@type\":\"Answer\",\"text\":\"Kulland\\u0131\\u011f\\u0131m\\u0131z malzemelerin tazeli\\u011fini, g\\u00fcnl\\u00fck olarak g\\u00fcvenilir ve sertifikal\\u0131 tedarik\\u00e7ilerden temin ederek sa\\u011fl\\u0131yoruz. Bal\\u0131klar\\u0131m\\u0131z her g\\u00fcn \\u00f6zenle se\\u00e7ilir ve uygun saklama ko\\u015fullar\\u0131nda muhafaza edilir, t\\u00fcm tedarik s\\u00fcre\\u00e7lerinde so\\u011fuk zincir muhafazas\\u0131na titizlikle \\u00f6nem verilir. Di\\u011fer malzemelerimiz ise her zaman taze ve y\\u00fcksek kalite standartlar\\u0131na uygun olarak haz\\u0131rlan\\u0131r.\"}},{\"@type\":\"Question\",\"name\":\"Okul gezileri veya grup rezervasyonlar\\u0131 i\\u00e7in ne gibi imkanlar sunuyorsunuz?\",\"acceptedAnswer\":{\"@type\":\"Answer\",\"text\":\"Okul gezileri ve grup rezervasyonlar\\u0131 i\\u00e7in \\u00f6zel men\\u00fcler, \\u00f6nceden planlanm\\u0131\\u015f oturma d\\u00fczeni ve h\\u0131zl\\u0131 servis gibi kolayl\\u0131klar sunuyoruz. Ayr\\u0131ca, Bo\\u011faz turu gibi etkinliklerle keyifli bir deneyim ya\\u015faman\\u0131z i\\u00e7in gerekli t\\u00fcm organizasyonu sa\\u011fl\\u0131yoruz. Grup say\\u0131s\\u0131na g\\u00f6re indirimli fiyat se\\u00e7enekleri de mevcuttur.\"}},{\"@type\":\"Question\",\"name\":\"Ya\\u011fmur veya k\\u00f6t\\u00fc hava ko\\u015fullar\\u0131nda hizmet sunuyor musunuz?\",\"acceptedAnswer\":{\"@type\":\"Answer\",\"text\":\"Evet, ya\\u011fmur veya k\\u00f6t\\u00fc hava ko\\u015fullar\\u0131nda da hizmet vermeye devam ediyoruz. Teknemizde kapal\\u0131 ve korunakl\\u0131 oturma alanlar\\u0131m\\u0131z sayesinde misafirlerimizin konforu her ko\\u015fulda sa\\u011flanmaktad\\u0131r.\"}},{\"@type\":\"Question\",\"name\":\"Sosyal Medya Hesaplar\\u0131n\\u0131z nelerdir?\",\"acceptedAnswer\":{\"@type\":\"Answer\",\"text\":\"Instagram: @EminonuBalikEkmekFacebook: Emin\\u00f6n\\u00fc Bal\\u0131k EkmekTwitter: @eminonubalik\"}},{\"@type\":\"Question\",\"name\":\"Emin\\u00f6n\\u00fc Bal\\u0131k Ekme\\u011f\\u2019in tarihi nedir?\",\"acceptedAnswer\":{\"@type\":\"Answer\",\"text\":\"1800 l\\u00fc y\\u0131llar\\u0131n son \\u00e7eyre\\u011finde ba\\u015flayan hik\\u00e2yemi, ayn\\u0131 ailelerden gelen, nesillerden nesillere aktar\\u0131larak devam eden ve ku\\u015faktan ku\\u015fa\\u011fa uzanan bu hik\\u00e2ye, geleneksel ve bir o kadar da kendini modernize ederek devam etmektedir.\"}},{\"@type\":\"Question\",\"name\":\"Bal\\u0131k ekmeklerinizde Uskumru kullanman\\u0131z\\u0131n sebebi nedir?\",\"acceptedAnswer\":{\"@type\":\"Answer\",\"text\":\"Bunun tabi ki birka\\u00e7 sebebi var;Uskumru, ya\\u011fl\\u0131 yap\\u0131s\\u0131 ve kendine \\u00f6zg\\u00fc g\\u00fc\\u00e7l\\u00fc lezzetiyle \\u0131zgarada pi\\u015fti\\u011finde kurumadan hafif isli bir aroma kazan\\u0131r ve ekmek aras\\u0131nda yumu\\u015fak ama doyurucu bir doku sunar.Denizlerimizde s\\u0131k\\u00e7a avlanabilen bir bal\\u0131k oldu\\u011fundan, taze olarak temin edilebilir.Uskumru Omega-3 ya\\u011f asitleri bak\\u0131m\\u0131ndan zengindir, bu da sa\\u011fl\\u0131kl\\u0131 bir t\\u00fcketim i\\u00e7in tercih edilme sebeblerindendir.Vitamin ve Mineral \\u0130\\u00e7eri\\u011fi bak\\u0131m\\u0131ndan, D vitamini, B12 ve fosfor gibi \\u00f6nemli besin de\\u011ferlerini i\\u00e7erir.\"}}]}<\/script>\n\t\t\t\t\t\t\t<\/div>\n\t\t\t\t<\/div>\n\t\t\t\t\t<\/div>\n\t\t\t\t<\/div>\n\t\t\t\t<\/div>","protected":false},"excerpt":{"rendered":"<p>Bal\u0131k ekmeklerinizde hangi bal\u0131k t\u00fcrlerini kullan\u0131yorsunuz? Bal\u0131klar\u0131m\u0131z\u0131 Uskumru bal\u0131\u011f\u0131 olarak tercih ediyoruz. Hijyen standartlar\u0131n\u0131z neler? Hijyen standartlar\u0131m\u0131z do\u011frultusunda t\u00fcm personelimiz d\u00fczenli olarak port\u00f6r muayenesinden ge\u00e7irilmekte ve i\u015f g\u00fcvenli\u011fi e\u011fitimleri almaktad\u0131r. \u00dcr\u00fcnlerimiz taze malzemelerle haz\u0131rlan\u0131r ve haz\u0131rl\u0131k s\u00fcre\u00e7lerimizde uluslararas\u0131 hijyen kurallar\u0131na titizlikle uyulur. Kullan\u0131lan malzemelerin tazeli\u011fini nas\u0131l sa\u011fl\u0131yorsunuz? Kulland\u0131\u011f\u0131m\u0131z malzemelerin tazeli\u011fini, g\u00fcnl\u00fck olarak g\u00fcvenilir ve sertifikal\u0131 [&hellip;]<\/p>","protected":false},"author":1,"featured_media":0,"parent":0,"menu_order":0,"comment_status":"closed","ping_status":"closed","template":"","meta":{"_acf_changed":false,"footnotes":""},"class_list":["post-18","page","type-page","status-publish","hentry"],"acf":[],"_links":{"self":[{"href":"https:\/\/eminonubalikekmek.com\/en\/wp-json\/wp\/v2\/pages\/18","targetHints":{"allow":["GET"]}}],"collection":[{"href":"https:\/\/eminonubalikekmek.com\/en\/wp-json\/wp\/v2\/pages"}],"about":[{"href":"https:\/\/eminonubalikekmek.com\/en\/wp-json\/wp\/v2\/types\/page"}],"author":[{"embeddable":true,"href":"https:\/\/eminonubalikekmek.com\/en\/wp-json\/wp\/v2\/users\/1"}],"replies":[{"embeddable":true,"href":"https:\/\/eminonubalikekmek.com\/en\/wp-json\/wp\/v2\/comments?post=18"}],"version-history":[{"count":20,"href":"https:\/\/eminonubalikekmek.com\/en\/wp-json\/wp\/v2\/pages\/18\/revisions"}],"predecessor-version":[{"id":983,"href":"https:\/\/eminonubalikekmek.com\/en\/wp-json\/wp\/v2\/pages\/18\/revisions\/983"}],"wp:attachment":[{"href":"https:\/\/eminonubalikekmek.com\/en\/wp-json\/wp\/v2\/media?parent=18"}],"curies":[{"name":"wp","href":"https:\/\/api.w.org\/{rel}","templated":true}]}}