{"id":1123,"date":"2025-09-13T12:12:08","date_gmt":"2025-09-13T12:12:08","guid":{"rendered":"https:\/\/eminonubalikekmek.com\/?page_id=1123"},"modified":"2025-09-13T12:13:48","modified_gmt":"2025-09-13T12:13:48","slug":"proje-ve-ar-ge-calismalarimiz","status":"publish","type":"page","link":"https:\/\/eminonubalikekmek.com\/en\/proje-ve-ar-ge-calismalarimiz\/","title":{"rendered":"Proje ve Ar-Ge \u00c7al\u0131\u015fmalar\u0131m\u0131z"},"content":{"rendered":"<div data-elementor-type=\"wp-page\" data-elementor-id=\"1123\" class=\"elementor elementor-1123\" data-elementor-post-type=\"page\">\n\t\t\t\t<div class=\"elementor-element elementor-element-eea8358 e-flex e-con-boxed e-con e-child\" data-id=\"eea8358\" data-element_type=\"container\">\n\t\t\t\t\t<div class=\"e-con-inner\">\n\t\t<div class=\"elementor-element elementor-element-1b81594 e-con-full e-flex e-con e-child\" data-id=\"1b81594\" data-element_type=\"container\">\n\t\t\t\t<div class=\"elementor-element elementor-element-81fca6e elementor-widget elementor-widget-heading\" data-id=\"81fca6e\" data-element_type=\"widget\" data-widget_type=\"heading.default\">\n\t\t\t\t<div class=\"elementor-widget-container\">\n\t\t\t\t\t<h2 class=\"elementor-heading-title elementor-size-default\">Proje ve Ar-Ge\u00a0\u00c7al\u0131\u015fmalar\u0131m\u0131z<\/h2>\t\t\t\t<\/div>\n\t\t\t\t<\/div>\n\t\t\t\t<\/div>\n\t\t\t\t<div class=\"elementor-element elementor-element-d319c49 gallery-spacing-custom elementor-widget elementor-widget-image-gallery\" data-id=\"d319c49\" data-element_type=\"widget\" data-widget_type=\"image-gallery.default\">\n\t\t\t\t<div class=\"elementor-widget-container\">\n\t\t\t\t\t\t\t<div class=\"elementor-image-gallery\">\n\t\t\t<div id='gallery-1' class='gallery galleryid-1123 gallery-columns-3 gallery-size-full'><figure class='gallery-item'>\n\t\t\t<div class='gallery-icon portrait'>\n\t\t\t\t<a data-elementor-open-lightbox=\"yes\" data-elementor-lightbox-slideshow=\"d319c49\" data-e-action-hash=\"#elementor-action%3Aaction%3Dlightbox%26settings%3DeyJpZCI6MTEwMywidXJsIjoiaHR0cHM6XC9cL2VtaW5vbnViYWxpa2VrbWVrLmNvbVwvd3AtY29udGVudFwvdXBsb2Fkc1wvSU1HLTIwMjQwOTEwLVdBMDAxNi5qcGciLCJzbGlkZXNob3ciOiJkMzE5YzQ5In0%3D\" href='https:\/\/eminonubalikekmek.com\/wp-content\/uploads\/IMG-20240910-WA0016.jpg'><img decoding=\"async\" width=\"1536\" height=\"2048\" src=\"https:\/\/eminonubalikekmek.com\/wp-content\/uploads\/IMG-20240910-WA0016.jpg\" class=\"attachment-full size-full\" alt=\"\" srcset=\"https:\/\/eminonubalikekmek.com\/wp-content\/uploads\/IMG-20240910-WA0016.jpg 1536w, https:\/\/eminonubalikekmek.com\/wp-content\/uploads\/IMG-20240910-WA0016-225x300.jpg 225w, https:\/\/eminonubalikekmek.com\/wp-content\/uploads\/IMG-20240910-WA0016-768x1024.jpg 768w, https:\/\/eminonubalikekmek.com\/wp-content\/uploads\/IMG-20240910-WA0016-1152x1536.jpg 1152w, https:\/\/eminonubalikekmek.com\/wp-content\/uploads\/IMG-20240910-WA0016-9x12.jpg 9w\" sizes=\"(max-width: 1536px) 100vw, 1536px\" \/><\/a>\n\t\t\t<\/div><\/figure><figure class='gallery-item'>\n\t\t\t<div class='gallery-icon portrait'>\n\t\t\t\t<a data-elementor-open-lightbox=\"yes\" data-elementor-lightbox-slideshow=\"d319c49\" data-e-action-hash=\"#elementor-action%3Aaction%3Dlightbox%26settings%3DeyJpZCI6MTEwNCwidXJsIjoiaHR0cHM6XC9cL2VtaW5vbnViYWxpa2VrbWVrLmNvbVwvd3AtY29udGVudFwvdXBsb2Fkc1wvSU1HLTIwMjQwOTEwLVdBMDAxOC5qcGciLCJzbGlkZXNob3ciOiJkMzE5YzQ5In0%3D\" href='https:\/\/eminonubalikekmek.com\/wp-content\/uploads\/IMG-20240910-WA0018.jpg'><img decoding=\"async\" width=\"1536\" height=\"2048\" src=\"https:\/\/eminonubalikekmek.com\/wp-content\/uploads\/IMG-20240910-WA0018.jpg\" class=\"attachment-full size-full\" alt=\"\" srcset=\"https:\/\/eminonubalikekmek.com\/wp-content\/uploads\/IMG-20240910-WA0018.jpg 1536w, https:\/\/eminonubalikekmek.com\/wp-content\/uploads\/IMG-20240910-WA0018-225x300.jpg 225w, https:\/\/eminonubalikekmek.com\/wp-content\/uploads\/IMG-20240910-WA0018-768x1024.jpg 768w, https:\/\/eminonubalikekmek.com\/wp-content\/uploads\/IMG-20240910-WA0018-1152x1536.jpg 1152w, https:\/\/eminonubalikekmek.com\/wp-content\/uploads\/IMG-20240910-WA0018-9x12.jpg 9w\" sizes=\"(max-width: 1536px) 100vw, 1536px\" \/><\/a>\n\t\t\t<\/div><\/figure><figure class='gallery-item'>\n\t\t\t<div class='gallery-icon landscape'>\n\t\t\t\t<a data-elementor-open-lightbox=\"yes\" data-elementor-lightbox-slideshow=\"d319c49\" data-e-action-hash=\"#elementor-action%3Aaction%3Dlightbox%26settings%3DeyJpZCI6MTEwNSwidXJsIjoiaHR0cHM6XC9cL2VtaW5vbnViYWxpa2VrbWVrLmNvbVwvd3AtY29udGVudFwvdXBsb2Fkc1wvR29ydW50dTAzNi5qcGctYWRsaS1kb3N5YW5pbi1rb3B5YXNpLmpwZyIsInNsaWRlc2hvdyI6ImQzMTljNDkifQ%3D%3D\" href='https:\/\/eminonubalikekmek.com\/wp-content\/uploads\/Goruntu036.jpg-adli-dosyanin-kopyasi.jpg'><img decoding=\"async\" width=\"1600\" height=\"1200\" src=\"https:\/\/eminonubalikekmek.com\/wp-content\/uploads\/Goruntu036.jpg-adli-dosyanin-kopyasi.jpg\" class=\"attachment-full size-full\" alt=\"\" srcset=\"https:\/\/eminonubalikekmek.com\/wp-content\/uploads\/Goruntu036.jpg-adli-dosyanin-kopyasi.jpg 1600w, https:\/\/eminonubalikekmek.com\/wp-content\/uploads\/Goruntu036.jpg-adli-dosyanin-kopyasi-300x225.jpg 300w, https:\/\/eminonubalikekmek.com\/wp-content\/uploads\/Goruntu036.jpg-adli-dosyanin-kopyasi-1024x768.jpg 1024w, https:\/\/eminonubalikekmek.com\/wp-content\/uploads\/Goruntu036.jpg-adli-dosyanin-kopyasi-768x576.jpg 768w, https:\/\/eminonubalikekmek.com\/wp-content\/uploads\/Goruntu036.jpg-adli-dosyanin-kopyasi-1536x1152.jpg 1536w, https:\/\/eminonubalikekmek.com\/wp-content\/uploads\/Goruntu036.jpg-adli-dosyanin-kopyasi-16x12.jpg 16w\" sizes=\"(max-width: 1600px) 100vw, 1600px\" \/><\/a>\n\t\t\t<\/div><\/figure><figure class='gallery-item'>\n\t\t\t<div class='gallery-icon portrait'>\n\t\t\t\t<a data-elementor-open-lightbox=\"yes\" data-elementor-lightbox-slideshow=\"d319c49\" data-e-action-hash=\"#elementor-action%3Aaction%3Dlightbox%26settings%3DeyJpZCI6MTEwNywidXJsIjoiaHR0cHM6XC9cL2VtaW5vbnViYWxpa2VrbWVrLmNvbVwvd3AtY29udGVudFwvdXBsb2Fkc1wvR29ydW50dTAxMTcuanBnLWFkbGktZG9zeWFuaW4ta29weWFzaS1zY2FsZWQuanBnIiwic2xpZGVzaG93IjoiZDMxOWM0OSJ9\" href='https:\/\/eminonubalikekmek.com\/wp-content\/uploads\/Goruntu0117.jpg-adli-dosyanin-kopyasi-scaled.jpg'><img decoding=\"async\" width=\"1920\" height=\"2560\" src=\"https:\/\/eminonubalikekmek.com\/wp-content\/uploads\/Goruntu0117.jpg-adli-dosyanin-kopyasi-scaled.jpg\" class=\"attachment-full size-full\" alt=\"\" srcset=\"https:\/\/eminonubalikekmek.com\/wp-content\/uploads\/Goruntu0117.jpg-adli-dosyanin-kopyasi-scaled.jpg 1920w, https:\/\/eminonubalikekmek.com\/wp-content\/uploads\/Goruntu0117.jpg-adli-dosyanin-kopyasi-225x300.jpg 225w, https:\/\/eminonubalikekmek.com\/wp-content\/uploads\/Goruntu0117.jpg-adli-dosyanin-kopyasi-768x1024.jpg 768w, https:\/\/eminonubalikekmek.com\/wp-content\/uploads\/Goruntu0117.jpg-adli-dosyanin-kopyasi-1152x1536.jpg 1152w, https:\/\/eminonubalikekmek.com\/wp-content\/uploads\/Goruntu0117.jpg-adli-dosyanin-kopyasi-1536x2048.jpg 1536w, https:\/\/eminonubalikekmek.com\/wp-content\/uploads\/Goruntu0117.jpg-adli-dosyanin-kopyasi-9x12.jpg 9w\" sizes=\"(max-width: 1920px) 100vw, 1920px\" \/><\/a>\n\t\t\t<\/div><\/figure><figure class='gallery-item'>\n\t\t\t<div class='gallery-icon portrait'>\n\t\t\t\t<a data-elementor-open-lightbox=\"yes\" data-elementor-lightbox-slideshow=\"d319c49\" data-e-action-hash=\"#elementor-action%3Aaction%3Dlightbox%26settings%3DeyJpZCI6MTEwOCwidXJsIjoiaHR0cHM6XC9cL2VtaW5vbnViYWxpa2VrbWVrLmNvbVwvd3AtY29udGVudFwvdXBsb2Fkc1wvSU1HLTIwMjQwOTEwLVdBMDAxMS5qcGciLCJzbGlkZXNob3ciOiJkMzE5YzQ5In0%3D\" href='https:\/\/eminonubalikekmek.com\/wp-content\/uploads\/IMG-20240910-WA0011.jpg'><img decoding=\"async\" width=\"1536\" height=\"2048\" src=\"https:\/\/eminonubalikekmek.com\/wp-content\/uploads\/IMG-20240910-WA0011.jpg\" class=\"attachment-full size-full\" alt=\"\" srcset=\"https:\/\/eminonubalikekmek.com\/wp-content\/uploads\/IMG-20240910-WA0011.jpg 1536w, https:\/\/eminonubalikekmek.com\/wp-content\/uploads\/IMG-20240910-WA0011-225x300.jpg 225w, https:\/\/eminonubalikekmek.com\/wp-content\/uploads\/IMG-20240910-WA0011-768x1024.jpg 768w, https:\/\/eminonubalikekmek.com\/wp-content\/uploads\/IMG-20240910-WA0011-1152x1536.jpg 1152w, https:\/\/eminonubalikekmek.com\/wp-content\/uploads\/IMG-20240910-WA0011-9x12.jpg 9w\" sizes=\"(max-width: 1536px) 100vw, 1536px\" \/><\/a>\n\t\t\t<\/div><\/figure><figure class='gallery-item'>\n\t\t\t<div class='gallery-icon portrait'>\n\t\t\t\t<a data-elementor-open-lightbox=\"yes\" data-elementor-lightbox-slideshow=\"d319c49\" data-e-action-hash=\"#elementor-action%3Aaction%3Dlightbox%26settings%3DeyJpZCI6MTEwOSwidXJsIjoiaHR0cHM6XC9cL2VtaW5vbnViYWxpa2VrbWVrLmNvbVwvd3AtY29udGVudFwvdXBsb2Fkc1wvSU1HLTIwMjQwOTEwLVdBMDAxMi5qcGciLCJzbGlkZXNob3ciOiJkMzE5YzQ5In0%3D\" href='https:\/\/eminonubalikekmek.com\/wp-content\/uploads\/IMG-20240910-WA0012.jpg'><img decoding=\"async\" width=\"1536\" height=\"2048\" src=\"https:\/\/eminonubalikekmek.com\/wp-content\/uploads\/IMG-20240910-WA0012.jpg\" class=\"attachment-full size-full\" alt=\"\" srcset=\"https:\/\/eminonubalikekmek.com\/wp-content\/uploads\/IMG-20240910-WA0012.jpg 1536w, https:\/\/eminonubalikekmek.com\/wp-content\/uploads\/IMG-20240910-WA0012-225x300.jpg 225w, https:\/\/eminonubalikekmek.com\/wp-content\/uploads\/IMG-20240910-WA0012-768x1024.jpg 768w, https:\/\/eminonubalikekmek.com\/wp-content\/uploads\/IMG-20240910-WA0012-1152x1536.jpg 1152w, https:\/\/eminonubalikekmek.com\/wp-content\/uploads\/IMG-20240910-WA0012-9x12.jpg 9w\" sizes=\"(max-width: 1536px) 100vw, 1536px\" \/><\/a>\n\t\t\t<\/div><\/figure><figure class='gallery-item'>\n\t\t\t<div class='gallery-icon portrait'>\n\t\t\t\t<a data-elementor-open-lightbox=\"yes\" data-elementor-lightbox-slideshow=\"d319c49\" data-e-action-hash=\"#elementor-action%3Aaction%3Dlightbox%26settings%3DeyJpZCI6MTExMCwidXJsIjoiaHR0cHM6XC9cL2VtaW5vbnViYWxpa2VrbWVrLmNvbVwvd3AtY29udGVudFwvdXBsb2Fkc1wvSU1HLTIwMjQwOTEwLVdBMDAxNS5qcGciLCJzbGlkZXNob3ciOiJkMzE5YzQ5In0%3D\" href='https:\/\/eminonubalikekmek.com\/wp-content\/uploads\/IMG-20240910-WA0015.jpg'><img decoding=\"async\" width=\"1536\" height=\"2048\" src=\"https:\/\/eminonubalikekmek.com\/wp-content\/uploads\/IMG-20240910-WA0015.jpg\" class=\"attachment-full size-full\" alt=\"\" srcset=\"https:\/\/eminonubalikekmek.com\/wp-content\/uploads\/IMG-20240910-WA0015.jpg 1536w, https:\/\/eminonubalikekmek.com\/wp-content\/uploads\/IMG-20240910-WA0015-225x300.jpg 225w, https:\/\/eminonubalikekmek.com\/wp-content\/uploads\/IMG-20240910-WA0015-768x1024.jpg 768w, https:\/\/eminonubalikekmek.com\/wp-content\/uploads\/IMG-20240910-WA0015-1152x1536.jpg 1152w, https:\/\/eminonubalikekmek.com\/wp-content\/uploads\/IMG-20240910-WA0015-9x12.jpg 9w\" sizes=\"(max-width: 1536px) 100vw, 1536px\" \/><\/a>\n\t\t\t<\/div><\/figure>\n\t\t<\/div>\n\t\t<\/div>\n\t\t\t\t\t\t<\/div>\n\t\t\t\t<\/div>\n\t\t\t\t\t<\/div>\n\t\t\t\t<\/div>\n\t\t\t\t<\/div>","protected":false},"excerpt":{"rendered":"<p>Proje ve Ar-Ge\u00a0\u00c7al\u0131\u015fmalar\u0131m\u0131z<\/p>","protected":false},"author":1,"featured_media":0,"parent":0,"menu_order":0,"comment_status":"closed","ping_status":"closed","template":"","meta":{"_acf_changed":false,"footnotes":""},"class_list":["post-1123","page","type-page","status-publish","hentry"],"acf":[],"_links":{"self":[{"href":"https:\/\/eminonubalikekmek.com\/en\/wp-json\/wp\/v2\/pages\/1123","targetHints":{"allow":["GET"]}}],"collection":[{"href":"https:\/\/eminonubalikekmek.com\/en\/wp-json\/wp\/v2\/pages"}],"about":[{"href":"https:\/\/eminonubalikekmek.com\/en\/wp-json\/wp\/v2\/types\/page"}],"author":[{"embeddable":true,"href":"https:\/\/eminonubalikekmek.com\/en\/wp-json\/wp\/v2\/users\/1"}],"replies":[{"embeddable":true,"href":"https:\/\/eminonubalikekmek.com\/en\/wp-json\/wp\/v2\/comments?post=1123"}],"version-history":[{"count":9,"href":"https:\/\/eminonubalikekmek.com\/en\/wp-json\/wp\/v2\/pages\/1123\/revisions"}],"predecessor-version":[{"id":1133,"href":"https:\/\/eminonubalikekmek.com\/en\/wp-json\/wp\/v2\/pages\/1123\/revisions\/1133"}],"wp:attachment":[{"href":"https:\/\/eminonubalikekmek.com\/en\/wp-json\/wp\/v2\/media?parent=1123"}],"curies":[{"name":"wp","href":"https:\/\/api.w.org\/{rel}","templated":true}]}}